{"id":1359,"date":"2023-02-07T14:58:19","date_gmt":"2023-02-07T13:58:19","guid":{"rendered":"http:\/\/liceumnr1sochaczew.pl\/?page_id=1359"},"modified":"2024-04-03T09:52:43","modified_gmt":"2024-04-03T07:52:43","slug":"opw","status":"publish","type":"page","link":"https:\/\/liceumnr1sochaczew.pl\/index.php\/opw\/","title":{"rendered":"Oddzia\u0142 przygotowania wojskowego"},"content":{"rendered":"\t\t<div data-elementor-type=\"wp-page\" data-elementor-id=\"1359\" class=\"elementor elementor-1359\">\n\t\t\t\t\t\t<section class=\"elementor-section elementor-top-section elementor-element elementor-element-1994700 elementor-section-height-min-height elementor-section-boxed elementor-section-height-default elementor-section-items-middle\" data-id=\"1994700\" data-element_type=\"section\" data-settings=\"{&quot;background_background&quot;:&quot;classic&quot;}\">\n\t\t\t\t\t\t\t<div class=\"elementor-background-overlay\"><\/div>\n\t\t\t\t\t\t\t<div class=\"elementor-container elementor-column-gap-default\">\n\t\t\t\t\t<div class=\"elementor-column elementor-col-33 elementor-top-column elementor-element elementor-element-289c95b\" data-id=\"289c95b\" data-element_type=\"column\">\n\t\t\t<div class=\"elementor-widget-wrap\">\n\t\t\t\t\t\t\t<\/div>\n\t\t<\/div>\n\t\t\t\t<div class=\"elementor-column elementor-col-33 elementor-top-column elementor-element elementor-element-ab115cb\" data-id=\"ab115cb\" data-element_type=\"column\">\n\t\t\t<div class=\"elementor-widget-wrap elementor-element-populated\">\n\t\t\t\t\t\t<div class=\"elementor-element elementor-element-7a1cb7f elementor-widget elementor-widget-heading\" data-id=\"7a1cb7f\" data-element_type=\"widget\" data-widget_type=\"heading.default\">\n\t\t\t\t<div class=\"elementor-widget-container\">\n\t\t\t\t\t<h2 class=\"elementor-heading-title elementor-size-default\">Oddzia\u0142 Przygotowania Wojskowego<\/h2>\t\t\t\t<\/div>\n\t\t\t\t<\/div>\n\t\t\t\t\t<\/div>\n\t\t<\/div>\n\t\t\t\t<div class=\"elementor-column elementor-col-33 elementor-top-column elementor-element elementor-element-900795a\" data-id=\"900795a\" data-element_type=\"column\">\n\t\t\t<div class=\"elementor-widget-wrap\">\n\t\t\t\t\t\t\t<\/div>\n\t\t<\/div>\n\t\t\t\t\t<\/div>\n\t\t<\/section>\n\t\t\t\t<section class=\"elementor-section elementor-top-section elementor-element elementor-element-e64387c elementor-reverse-mobile elementor-reverse-tablet elementor-section-boxed elementor-section-height-default elementor-section-height-default\" data-id=\"e64387c\" data-element_type=\"section\">\n\t\t\t\t\t\t<div class=\"elementor-container elementor-column-gap-default\">\n\t\t\t\t\t<div class=\"elementor-column elementor-col-100 elementor-top-column elementor-element elementor-element-50c73c3\" data-id=\"50c73c3\" data-element_type=\"column\">\n\t\t\t<div class=\"elementor-widget-wrap elementor-element-populated\">\n\t\t\t\t\t\t<div class=\"elementor-element elementor-element-81cbde2 elementor-widget elementor-widget-heading\" data-id=\"81cbde2\" data-element_type=\"widget\" data-widget_type=\"heading.default\">\n\t\t\t\t<div class=\"elementor-widget-container\">\n\t\t\t\t\t<h2 class=\"elementor-heading-title elementor-size-default\">Oddzia\u0142 Przygotowania Wojskowego<\/h2>\t\t\t\t<\/div>\n\t\t\t\t<\/div>\n\t\t\t\t<div class=\"elementor-element elementor-element-48db0f3 elementor-widget elementor-widget-text-editor\" data-id=\"48db0f3\" data-element_type=\"widget\" data-widget_type=\"text-editor.default\">\n\t\t\t\t<div class=\"elementor-widget-container\">\n\t\t\t\t\t\t\t\t\t<p>Klasa wojskowa to propozycja dla wszystkich, kt\u00f3rzy chc\u0105 zwi\u0105za\u0107 swoj\u0105 przysz\u0142o\u015b\u0107 z prac\u0105 w wojsku i obronno\u015bci\u0105. Na kierunku realizowany jest przedmiot edukacja wojskowa. Oddzia\u0142 przygotowuje do dalszego kszta\u0142cenia w zawodach zwi\u0105zanych z funkcjonowaniem s\u0142u\u017cb wojskowych, a tak\u017ce przygotowuje do podj\u0119cia studi\u00f3w wy\u017cszych na kierunkach zwi\u0105zanych m.in. z bezpiecze\u0144stwem narodowym, wewn\u0119trznym czy uczelniach wojskowych. Nauka w OPW to przede wszystkim realne korzy\u015bci dla uczni\u00f3w. To zapewnienie dodatkowych punkt\u00f3w rekrutacyjnych przy aplikowaniu do najbardziej presti\u017cowych akademii wojskowych w kraju oraz\u00a0 perspektywa zostania oficerem Wojska Polskiego. Absolwent ma pierwsze\u0144stwo w trakcie naboru do Terytorialnej S\u0142u\u017cby Wojskowej oraz preferencje przy realizacji programu Legia Akademicka skierowanego do student\u00f3w cywilnych (zwolnienie z zaj\u0119\u0107 teoretycznych na uczelni). To tak\u017ce mo\u017cliwo\u015b\u0107 odbycia skr\u00f3conej s\u0142u\u017cby przygotowawczej, a w konsekwencji pozostanie \u017co\u0142nierzem rezerw osobowych Si\u0142 Zbrojnych RP, a tak\u017ce wst\u0105pienie do terytorialnej lub zawodowej s\u0142u\u017cby wojskowej.<\/p>\t\t\t\t\t\t\t\t<\/div>\n\t\t\t\t<\/div>\n\t\t\t\t\t<\/div>\n\t\t<\/div>\n\t\t\t\t\t<\/div>\n\t\t<\/section>\n\t\t\t\t<section class=\"elementor-section elementor-top-section elementor-element elementor-element-0cb7b59 elementor-reverse-mobile elementor-reverse-tablet elementor-section-boxed elementor-section-height-default elementor-section-height-default\" data-id=\"0cb7b59\" data-element_type=\"section\">\n\t\t\t\t\t\t<div class=\"elementor-container elementor-column-gap-default\">\n\t\t\t\t\t<div class=\"elementor-column elementor-col-100 elementor-top-column elementor-element elementor-element-8db752c\" data-id=\"8db752c\" data-element_type=\"column\">\n\t\t\t<div class=\"elementor-widget-wrap elementor-element-populated\">\n\t\t\t\t\t\t<div class=\"elementor-element elementor-element-db86ceb elementor-widget elementor-widget-heading\" data-id=\"db86ceb\" data-element_type=\"widget\" data-widget_type=\"heading.default\">\n\t\t\t\t<div class=\"elementor-widget-container\">\n\t\t\t\t\t<h2 class=\"elementor-heading-title elementor-size-default\">Co czeka uczni\u00f3w?<\/h2>\t\t\t\t<\/div>\n\t\t\t\t<\/div>\n\t\t\t\t<div class=\"elementor-element elementor-element-10b3428 elementor-widget elementor-widget-text-editor\" data-id=\"10b3428\" data-element_type=\"widget\" data-widget_type=\"text-editor.default\">\n\t\t\t\t<div class=\"elementor-widget-container\">\n\t\t\t\t\t\t\t\t\t<p>Program nauczania obejmuje szkolenie zasadnicze, a tak\u017ce zaj\u0119cia praktycznie na terenie patronackiej Jednostki Wojskowej w Bielicach.<\/p>\t\t\t\t\t\t\t\t<\/div>\n\t\t\t\t<\/div>\n\t\t\t\t\t<\/div>\n\t\t<\/div>\n\t\t\t\t\t<\/div>\n\t\t<\/section>\n\t\t\t\t<section class=\"elementor-section elementor-top-section elementor-element elementor-element-45acffe elementor-reverse-mobile elementor-reverse-tablet elementor-section-boxed elementor-section-height-default elementor-section-height-default\" data-id=\"45acffe\" data-element_type=\"section\">\n\t\t\t\t\t\t<div class=\"elementor-container elementor-column-gap-default\">\n\t\t\t\t\t<div class=\"elementor-column elementor-col-100 elementor-top-column elementor-element elementor-element-62eec10\" data-id=\"62eec10\" data-element_type=\"column\">\n\t\t\t<div class=\"elementor-widget-wrap elementor-element-populated\">\n\t\t\t\t\t\t<div class=\"elementor-element elementor-element-a3d30b0 elementor-widget elementor-widget-heading\" data-id=\"a3d30b0\" data-element_type=\"widget\" data-widget_type=\"heading.default\">\n\t\t\t\t<div class=\"elementor-widget-container\">\n\t\t\t\t\t<h2 class=\"elementor-heading-title elementor-size-default\">Jakie korzy\u015bci?<\/h2>\t\t\t\t<\/div>\n\t\t\t\t<\/div>\n\t\t\t\t<div class=\"elementor-element elementor-element-2e4e3f5 elementor-icon-list--layout-traditional elementor-list-item-link-full_width elementor-widget elementor-widget-icon-list\" data-id=\"2e4e3f5\" data-element_type=\"widget\" data-widget_type=\"icon-list.default\">\n\t\t\t\t<div class=\"elementor-widget-container\">\n\t\t\t\t\t\t\t<ul class=\"elementor-icon-list-items\">\n\t\t\t\t\t\t\t<li class=\"elementor-icon-list-item\">\n\t\t\t\t\t\t\t\t\t\t\t<span class=\"elementor-icon-list-icon\">\n\t\t\t\t\t\t\t<i aria-hidden=\"true\" class=\"fas fa-circle\"><\/i>\t\t\t\t\t\t<\/span>\n\t\t\t\t\t\t\t\t\t\t<span class=\"elementor-icon-list-text\">Mo\u017cliwo\u015b\u0107 odbycia skr\u00f3conej s\u0142u\u017cby przygotowawczej,<\/span>\n\t\t\t\t\t\t\t\t\t<\/li>\n\t\t\t\t\t\t\t\t<li class=\"elementor-icon-list-item\">\n\t\t\t\t\t\t\t\t\t\t\t<span class=\"elementor-icon-list-icon\">\n\t\t\t\t\t\t\t<i aria-hidden=\"true\" class=\"fas fa-circle\"><\/i>\t\t\t\t\t\t<\/span>\n\t\t\t\t\t\t\t\t\t\t<span class=\"elementor-icon-list-text\">Wst\u0105pienie do czynnej s\u0142u\u017cby wojskowej,<\/span>\n\t\t\t\t\t\t\t\t\t<\/li>\n\t\t\t\t\t\t\t\t<li class=\"elementor-icon-list-item\">\n\t\t\t\t\t\t\t\t\t\t\t<span class=\"elementor-icon-list-icon\">\n\t\t\t\t\t\t\t<i aria-hidden=\"true\" class=\"fas fa-circle\"><\/i>\t\t\t\t\t\t<\/span>\n\t\t\t\t\t\t\t\t\t\t<span class=\"elementor-icon-list-text\">Aplikowanie na wy\u017csze uczelnie wojskowe (dodatkowe punkty w procesie rekrutacji),<\/span>\n\t\t\t\t\t\t\t\t\t<\/li>\n\t\t\t\t\t\t\t\t<li class=\"elementor-icon-list-item\">\n\t\t\t\t\t\t\t\t\t\t\t<span class=\"elementor-icon-list-icon\">\n\t\t\t\t\t\t\t<i aria-hidden=\"true\" class=\"fas fa-circle\"><\/i>\t\t\t\t\t\t<\/span>\n\t\t\t\t\t\t\t\t\t\t<span class=\"elementor-icon-list-text\">Po uko\u0144czeniu szko\u0142y ucze\u0144 otrzymuje certyfikat MON.<\/span>\n\t\t\t\t\t\t\t\t\t<\/li>\n\t\t\t\t\t\t<\/ul>\n\t\t\t\t\t\t<\/div>\n\t\t\t\t<\/div>\n\t\t\t\t\t<\/div>\n\t\t<\/div>\n\t\t\t\t\t<\/div>\n\t\t<\/section>\n\t\t\t\t<\/div>\n\t\t","protected":false},"excerpt":{"rendered":"<p>Oddzia\u0142 Przygotowania Wojskowego Oddzia\u0142 Przygotowania Wojskowego Klasa wojskowa to propozycja dla wszystkich, kt\u00f3rzy chc\u0105 zwi\u0105za\u0107 swoj\u0105 przysz\u0142o\u015b\u0107 z prac\u0105 w wojsku i obronno\u015bci\u0105. Na kierunku realizowany jest przedmiot edukacja wojskowa. Oddzia\u0142 przygotowuje do dalszego kszta\u0142cenia w zawodach zwi\u0105zanych z funkcjonowaniem s\u0142u\u017cb wojskowych, a tak\u017ce przygotowuje do podj\u0119cia studi\u00f3w wy\u017cszych na kierunkach zwi\u0105zanych m.in. z bezpiecze\u0144stwem [&hellip;]<\/p>\n","protected":false},"author":1,"featured_media":0,"parent":0,"menu_order":0,"comment_status":"closed","ping_status":"closed","template":"page-templates\/pagebuilder.php","meta":{"zakra_sidebar_layout":"stretched","zakra_remove_content_margin":false,"zakra_sidebar":"customizer","zakra_transparent_header":"1","zakra_logo":0,"zakra_main_header_style":"default","zakra_menu_item_color":"","zakra_menu_item_hover_color":"","zakra_menu_item_active_color":"","zakra_menu_active_style":"","zakra_page_header":false,"pgc_sgb_lightbox_settings":"","footnotes":""},"class_list":["post-1359","page","type-page","status-publish","hentry"],"_links":{"self":[{"href":"https:\/\/liceumnr1sochaczew.pl\/index.php\/wp-json\/wp\/v2\/pages\/1359","targetHints":{"allow":["GET"]}}],"collection":[{"href":"https:\/\/liceumnr1sochaczew.pl\/index.php\/wp-json\/wp\/v2\/pages"}],"about":[{"href":"https:\/\/liceumnr1sochaczew.pl\/index.php\/wp-json\/wp\/v2\/types\/page"}],"author":[{"embeddable":true,"href":"https:\/\/liceumnr1sochaczew.pl\/index.php\/wp-json\/wp\/v2\/users\/1"}],"replies":[{"embeddable":true,"href":"https:\/\/liceumnr1sochaczew.pl\/index.php\/wp-json\/wp\/v2\/comments?post=1359"}],"version-history":[{"count":5,"href":"https:\/\/liceumnr1sochaczew.pl\/index.php\/wp-json\/wp\/v2\/pages\/1359\/revisions"}],"predecessor-version":[{"id":4382,"href":"https:\/\/liceumnr1sochaczew.pl\/index.php\/wp-json\/wp\/v2\/pages\/1359\/revisions\/4382"}],"wp:attachment":[{"href":"https:\/\/liceumnr1sochaczew.pl\/index.php\/wp-json\/wp\/v2\/media?parent=1359"}],"curies":[{"name":"wp","href":"https:\/\/api.w.org\/{rel}","templated":true}]}}