{"id":2536,"date":"2023-02-13T10:47:38","date_gmt":"2023-02-13T09:47:38","guid":{"rendered":"http:\/\/liceumnr1sochaczew.pl\/?page_id=2536"},"modified":"2025-12-18T13:01:04","modified_gmt":"2025-12-18T12:01:04","slug":"kadra","status":"publish","type":"page","link":"https:\/\/liceumnr1sochaczew.pl\/index.php\/kadra\/","title":{"rendered":"Kadra pedagogiczna"},"content":{"rendered":"\t\t<div data-elementor-type=\"wp-page\" data-elementor-id=\"2536\" class=\"elementor elementor-2536\">\n\t\t\t\t\t\t<section class=\"elementor-section elementor-top-section elementor-element elementor-element-8ee9e17 elementor-section-height-min-height elementor-section-boxed elementor-section-height-default elementor-section-items-middle\" data-id=\"8ee9e17\" data-element_type=\"section\" data-settings=\"{&quot;background_background&quot;:&quot;classic&quot;}\">\n\t\t\t\t\t\t\t<div class=\"elementor-background-overlay\"><\/div>\n\t\t\t\t\t\t\t<div class=\"elementor-container elementor-column-gap-default\">\n\t\t\t\t\t<div class=\"elementor-column elementor-col-33 elementor-top-column elementor-element elementor-element-3a0174e elementor-hidden-phone\" data-id=\"3a0174e\" data-element_type=\"column\">\n\t\t\t<div class=\"elementor-widget-wrap\">\n\t\t\t\t\t\t\t<\/div>\n\t\t<\/div>\n\t\t\t\t<div class=\"elementor-column elementor-col-33 elementor-top-column elementor-element elementor-element-8575686\" data-id=\"8575686\" data-element_type=\"column\">\n\t\t\t<div class=\"elementor-widget-wrap elementor-element-populated\">\n\t\t\t\t\t\t<div class=\"elementor-element elementor-element-7bd67f8 elementor-widget elementor-widget-heading\" data-id=\"7bd67f8\" data-element_type=\"widget\" data-widget_type=\"heading.default\">\n\t\t\t\t<div class=\"elementor-widget-container\">\n\t\t\t\t\t<h2 class=\"elementor-heading-title elementor-size-default\">Kadra pedagogiczna<\/h2>\t\t\t\t<\/div>\n\t\t\t\t<\/div>\n\t\t\t\t\t<\/div>\n\t\t<\/div>\n\t\t\t\t<div class=\"elementor-column elementor-col-33 elementor-top-column elementor-element elementor-element-5ba40cb elementor-hidden-phone\" data-id=\"5ba40cb\" data-element_type=\"column\">\n\t\t\t<div class=\"elementor-widget-wrap\">\n\t\t\t\t\t\t\t<\/div>\n\t\t<\/div>\n\t\t\t\t\t<\/div>\n\t\t<\/section>\n\t\t\t\t<section class=\"elementor-section elementor-top-section elementor-element elementor-element-3f5f7af elementor-section-boxed elementor-section-height-default elementor-section-height-default\" data-id=\"3f5f7af\" data-element_type=\"section\">\n\t\t\t\t\t\t<div class=\"elementor-container elementor-column-gap-default\">\n\t\t\t\t\t<div class=\"elementor-column elementor-col-100 elementor-top-column elementor-element elementor-element-1ffef15\" data-id=\"1ffef15\" data-element_type=\"column\">\n\t\t\t<div class=\"elementor-widget-wrap elementor-element-populated\">\n\t\t\t\t\t\t<div class=\"elementor-element elementor-element-6e69942 elementor-widget elementor-widget-heading\" data-id=\"6e69942\" data-element_type=\"widget\" data-widget_type=\"heading.default\">\n\t\t\t\t<div class=\"elementor-widget-container\">\n\t\t\t\t\t<h2 class=\"elementor-heading-title elementor-size-default\">Dyrektor:<\/h2>\t\t\t\t<\/div>\n\t\t\t\t<\/div>\n\t\t\t\t<div class=\"elementor-element elementor-element-690dfa1 elementor-widget elementor-widget-text-editor\" data-id=\"690dfa1\" data-element_type=\"widget\" data-widget_type=\"text-editor.default\">\n\t\t\t\t<div class=\"elementor-widget-container\">\n\t\t\t\t\t\t\t\t\tmgr Henryka Miros\u0142awa Adamczyk <br>\nmgr Barbara Karbownik\t\t\t\t\t\t\t\t<\/div>\n\t\t\t\t<\/div>\n\t\t\t\t\t<\/div>\n\t\t<\/div>\n\t\t\t\t\t<\/div>\n\t\t<\/section>\n\t\t\t\t<section class=\"elementor-section elementor-top-section elementor-element elementor-element-e96f6e9 elementor-section-boxed elementor-section-height-default elementor-section-height-default\" data-id=\"e96f6e9\" data-element_type=\"section\">\n\t\t\t\t\t\t<div class=\"elementor-container elementor-column-gap-default\">\n\t\t\t\t\t<div class=\"elementor-column elementor-col-100 elementor-top-column elementor-element elementor-element-5c842f6\" data-id=\"5c842f6\" data-element_type=\"column\">\n\t\t\t<div class=\"elementor-widget-wrap elementor-element-populated\">\n\t\t\t\t\t\t<div class=\"elementor-element elementor-element-e1fdaea elementor-widget elementor-widget-heading\" data-id=\"e1fdaea\" data-element_type=\"widget\" data-widget_type=\"heading.default\">\n\t\t\t\t<div class=\"elementor-widget-container\">\n\t\t\t\t\t<h2 class=\"elementor-heading-title elementor-size-default\">Wicedyrektor:<\/h2>\t\t\t\t<\/div>\n\t\t\t\t<\/div>\n\t\t\t\t<div class=\"elementor-element elementor-element-be48d00 elementor-widget elementor-widget-text-editor\" data-id=\"be48d00\" data-element_type=\"widget\" data-widget_type=\"text-editor.default\">\n\t\t\t\t<div class=\"elementor-widget-container\">\n\t\t\t\t\t\t\t\t\tmgr Ewa Orli\u0144ska <br>\t\t\t\t\t\t\t\t<\/div>\n\t\t\t\t<\/div>\n\t\t\t\t\t<\/div>\n\t\t<\/div>\n\t\t\t\t\t<\/div>\n\t\t<\/section>\n\t\t\t\t<section class=\"elementor-section elementor-top-section elementor-element elementor-element-2191e2f elementor-section-boxed elementor-section-height-default elementor-section-height-default\" data-id=\"2191e2f\" data-element_type=\"section\">\n\t\t\t\t\t\t<div class=\"elementor-container elementor-column-gap-default\">\n\t\t\t\t\t<div class=\"elementor-column elementor-col-100 elementor-top-column elementor-element elementor-element-38f4d3f\" data-id=\"38f4d3f\" data-element_type=\"column\">\n\t\t\t<div class=\"elementor-widget-wrap elementor-element-populated\">\n\t\t\t\t\t\t<div class=\"elementor-element elementor-element-d141c79 elementor-widget elementor-widget-heading\" data-id=\"d141c79\" data-element_type=\"widget\" data-widget_type=\"heading.default\">\n\t\t\t\t<div class=\"elementor-widget-container\">\n\t\t\t\t\t<h2 class=\"elementor-heading-title elementor-size-default\">Pedagog:<\/h2>\t\t\t\t<\/div>\n\t\t\t\t<\/div>\n\t\t\t\t<div class=\"elementor-element elementor-element-137eb7f elementor-widget elementor-widget-text-editor\" data-id=\"137eb7f\" data-element_type=\"widget\" data-widget_type=\"text-editor.default\">\n\t\t\t\t<div class=\"elementor-widget-container\">\n\t\t\t\t\t\t\t\t\t<p>mgr Aneta Rynkiewicz<\/p>\t\t\t\t\t\t\t\t<\/div>\n\t\t\t\t<\/div>\n\t\t\t\t<div class=\"elementor-element elementor-element-f9cff70 elementor-widget elementor-widget-heading\" data-id=\"f9cff70\" data-element_type=\"widget\" data-widget_type=\"heading.default\">\n\t\t\t\t<div class=\"elementor-widget-container\">\n\t\t\t\t\t<h2 class=\"elementor-heading-title elementor-size-default\">Pedagog specjalny <br><\/h2>\t\t\t\t<\/div>\n\t\t\t\t<\/div>\n\t\t\t\t<div class=\"elementor-element elementor-element-deef5a6 elementor-widget elementor-widget-text-editor\" data-id=\"deef5a6\" data-element_type=\"widget\" data-widget_type=\"text-editor.default\">\n\t\t\t\t<div class=\"elementor-widget-container\">\n\t\t\t\t\t\t\t\t\t<p>mgr Rynkiewicz Aneta\u00a0<\/p>\t\t\t\t\t\t\t\t<\/div>\n\t\t\t\t<\/div>\n\t\t\t\t\t<\/div>\n\t\t<\/div>\n\t\t\t\t\t<\/div>\n\t\t<\/section>\n\t\t\t\t<section class=\"elementor-section elementor-top-section elementor-element elementor-element-90fe6bf elementor-section-boxed elementor-section-height-default elementor-section-height-default\" data-id=\"90fe6bf\" data-element_type=\"section\">\n\t\t\t\t\t\t<div class=\"elementor-container elementor-column-gap-default\">\n\t\t\t\t\t<div class=\"elementor-column elementor-col-100 elementor-top-column elementor-element elementor-element-f79a983\" data-id=\"f79a983\" data-element_type=\"column\">\n\t\t\t<div class=\"elementor-widget-wrap elementor-element-populated\">\n\t\t\t\t\t\t<div class=\"elementor-element elementor-element-11792ce elementor-widget elementor-widget-heading\" data-id=\"11792ce\" data-element_type=\"widget\" data-widget_type=\"heading.default\">\n\t\t\t\t<div class=\"elementor-widget-container\">\n\t\t\t\t\t<h2 class=\"elementor-heading-title elementor-size-default\">Psycholog:<\/h2>\t\t\t\t<\/div>\n\t\t\t\t<\/div>\n\t\t\t\t\t<\/div>\n\t\t<\/div>\n\t\t\t\t\t<\/div>\n\t\t<\/section>\n\t\t\t\t<section class=\"elementor-section elementor-top-section elementor-element elementor-element-c122f2b elementor-section-boxed elementor-section-height-default elementor-section-height-default\" data-id=\"c122f2b\" data-element_type=\"section\">\n\t\t\t\t\t\t<div class=\"elementor-container elementor-column-gap-default\">\n\t\t\t\t\t<div class=\"elementor-column elementor-col-100 elementor-top-column elementor-element elementor-element-1b1036e\" data-id=\"1b1036e\" data-element_type=\"column\">\n\t\t\t<div class=\"elementor-widget-wrap elementor-element-populated\">\n\t\t\t\t\t\t<div class=\"elementor-element elementor-element-341755a elementor-widget elementor-widget-text-editor\" data-id=\"341755a\" data-element_type=\"widget\" data-widget_type=\"text-editor.default\">\n\t\t\t\t<div class=\"elementor-widget-container\">\n\t\t\t\t\t\t\t\t\t<p>mgr Duda Kamil<\/p>\t\t\t\t\t\t\t\t<\/div>\n\t\t\t\t<\/div>\n\t\t\t\t<div class=\"elementor-element elementor-element-dfb249c elementor-widget elementor-widget-heading\" data-id=\"dfb249c\" data-element_type=\"widget\" data-widget_type=\"heading.default\">\n\t\t\t\t<div class=\"elementor-widget-container\">\n\t\t\t\t\t<h2 class=\"elementor-heading-title elementor-size-default\">Administracja szko\u0142y:<\/h2>\t\t\t\t<\/div>\n\t\t\t\t<\/div>\n\t\t\t\t<div class=\"elementor-element elementor-element-83e63a7 elementor-widget elementor-widget-text-editor\" data-id=\"83e63a7\" data-element_type=\"widget\" data-widget_type=\"text-editor.default\">\n\t\t\t\t<div class=\"elementor-widget-container\">\n\t\t\t\t\t\t\t\t\t<p>Ga\u0142uszewska Agata<\/p><p>\u00a0mgr Wilczek Eliza<\/p>\t\t\t\t\t\t\t\t<\/div>\n\t\t\t\t<\/div>\n\t\t\t\t<div class=\"elementor-element elementor-element-c685e63 elementor-widget elementor-widget-heading\" data-id=\"c685e63\" data-element_type=\"widget\" data-widget_type=\"heading.default\">\n\t\t\t\t<div class=\"elementor-widget-container\">\n\t\t\t\t\t<h2 class=\"elementor-heading-title elementor-size-default\">Nauczyciele:\n\n<\/h2>\t\t\t\t<\/div>\n\t\t\t\t<\/div>\n\t\t\t\t<div class=\"elementor-element elementor-element-2d1ff7e elementor-widget__width-initial elementor-widget elementor-widget-text-editor\" data-id=\"2d1ff7e\" data-element_type=\"widget\" data-widget_type=\"text-editor.default\">\n\t\t\t\t<div class=\"elementor-widget-container\">\n\t\t\t\t\t\t\t\t\t<p>mgr Antczak Teresa &#8211; fizyka<\/p><p>mgr Antosik Lidia &#8211; matematyka<\/p><p>mgr Ciesielska Barbara &#8211; historia, edukacja obywatelska<\/p><p>mgr D\u0105browska \u2013 Wlaz\u0142o Alicja \u2013 j\u0119zyk polski<\/p><p>mgr Denisiewicz Zofia &#8211; informatyka, informatyka z elementami E-sportu\u00a0<\/p><p>mgr Duda Kamil &#8211; edukacja zdrowotna<\/p><p>mgr in\u017c Fory\u015b Joanna &#8211; matematyka, chemia<\/p><p>Gutowski Miros\u0142aw &#8211; native speaker<\/p><p>mgr Jarosz Katarzyna &#8211; religia<\/p><p>mgr Kosi\u0144ski Dariusz \u2013 muzyka<\/p><p>mgr Matusiak Monika &#8211; j\u0119zyk niemiecki<\/p><p>mgr in\u017c. Mazur Danuta \u2013 chemia<\/p><p>Miszczak Damian \u2013 j\u0119zyk angielski<\/p><p>mgr Muchorowski Artur \u2013 j\u0119zyk niemiecki<\/p><p>mgr Patora Hanna \u2013 j\u0119zyk polski<\/p><p>mgr P\u0105czek Iwona \u2013 edukacja dla bezpiecze\u0144stwa<\/p><p>Radosz Bogumi\u0142 &#8211; historia, bezpiecze\u0144stwo wewn\u0119trzne<\/p><p>mgr Rynkiewicz Aneta \u2013 terapia pedagogiczna<\/p><p>st. chor. sztab. Sobieraj Mariusz \u2013 edukacja wojskowa, przygotowanie Wojskowe\u00a0<\/p><p>mgr Surma Piotr &#8211; wychowanie fizyczne, ratownictwo medyczne, opieka medyczna, edukacja wojskowa, przygotowanie wojskowe\u00a0<\/p><p>mgr Szmagli\u0144ski Zdzis\u0142aw \u2013 geografia, biznes i zarz\u0105dzanie\u00a0\u00a0<\/p><p>mgr Wachowska Izabela &#8211; j\u0119zyk angielski\u00a0<\/p><p>mgr Winkler Ewa \u2013 biologia<\/p><p>Wr\u00f3blewska Sylwia &#8211; matematyka\u00a0<\/p><p>mgr Zagajewska Edyta \u2013 j\u0119zyk polski, wychowanie fizyczne<\/p>\t\t\t\t\t\t\t\t<\/div>\n\t\t\t\t<\/div>\n\t\t\t\t\t<\/div>\n\t\t<\/div>\n\t\t\t\t\t<\/div>\n\t\t<\/section>\n\t\t\t\t<\/div>\n\t\t","protected":false},"excerpt":{"rendered":"<p>Kadra pedagogiczna Dyrektor: mgr Henryka Miros\u0142awa Adamczyk mgr Barbara Karbownik Wicedyrektor: mgr Ewa Orli\u0144ska Pedagog: mgr Aneta Rynkiewicz Pedagog specjalny mgr Rynkiewicz Aneta\u00a0 Psycholog: mgr Duda Kamil Administracja szko\u0142y: Ga\u0142uszewska Agata \u00a0mgr Wilczek Eliza Nauczyciele: mgr Antczak Teresa &#8211; fizyka mgr Antosik Lidia &#8211; matematyka mgr Ciesielska Barbara &#8211; historia, edukacja obywatelska mgr D\u0105browska \u2013 [&hellip;]<\/p>\n","protected":false},"author":1,"featured_media":0,"parent":0,"menu_order":0,"comment_status":"closed","ping_status":"closed","template":"page-templates\/pagebuilder.php","meta":{"zakra_sidebar_layout":"stretched","zakra_remove_content_margin":false,"zakra_sidebar":"customizer","zakra_transparent_header":"1","zakra_logo":0,"zakra_main_header_style":"default","zakra_menu_item_color":"","zakra_menu_item_hover_color":"","zakra_menu_item_active_color":"","zakra_menu_active_style":"","zakra_page_header":false,"pgc_sgb_lightbox_settings":"","footnotes":""},"class_list":["post-2536","page","type-page","status-publish","hentry"],"_links":{"self":[{"href":"https:\/\/liceumnr1sochaczew.pl\/index.php\/wp-json\/wp\/v2\/pages\/2536","targetHints":{"allow":["GET"]}}],"collection":[{"href":"https:\/\/liceumnr1sochaczew.pl\/index.php\/wp-json\/wp\/v2\/pages"}],"about":[{"href":"https:\/\/liceumnr1sochaczew.pl\/index.php\/wp-json\/wp\/v2\/types\/page"}],"author":[{"embeddable":true,"href":"https:\/\/liceumnr1sochaczew.pl\/index.php\/wp-json\/wp\/v2\/users\/1"}],"replies":[{"embeddable":true,"href":"https:\/\/liceumnr1sochaczew.pl\/index.php\/wp-json\/wp\/v2\/comments?post=2536"}],"version-history":[{"count":8,"href":"https:\/\/liceumnr1sochaczew.pl\/index.php\/wp-json\/wp\/v2\/pages\/2536\/revisions"}],"predecessor-version":[{"id":6250,"href":"https:\/\/liceumnr1sochaczew.pl\/index.php\/wp-json\/wp\/v2\/pages\/2536\/revisions\/6250"}],"wp:attachment":[{"href":"https:\/\/liceumnr1sochaczew.pl\/index.php\/wp-json\/wp\/v2\/media?parent=2536"}],"curies":[{"name":"wp","href":"https:\/\/api.w.org\/{rel}","templated":true}]}}