{"id":2538,"date":"2023-02-13T10:48:02","date_gmt":"2023-02-13T09:48:02","guid":{"rendered":"http:\/\/liceumnr1sochaczew.pl\/?page_id=2538"},"modified":"2024-03-04T09:49:12","modified_gmt":"2024-03-04T08:49:12","slug":"rodo","status":"publish","type":"page","link":"https:\/\/liceumnr1sochaczew.pl\/index.php\/rodo\/","title":{"rendered":"RODO"},"content":{"rendered":"\t\t<div data-elementor-type=\"wp-page\" data-elementor-id=\"2538\" class=\"elementor elementor-2538\">\n\t\t\t\t\t\t<section class=\"elementor-section elementor-top-section elementor-element elementor-element-8ee9e17 elementor-section-height-min-height elementor-section-boxed elementor-section-height-default elementor-section-items-middle\" data-id=\"8ee9e17\" data-element_type=\"section\" data-settings=\"{&quot;background_background&quot;:&quot;classic&quot;}\">\n\t\t\t\t\t\t\t<div class=\"elementor-background-overlay\"><\/div>\n\t\t\t\t\t\t\t<div class=\"elementor-container elementor-column-gap-default\">\n\t\t\t\t\t<div class=\"elementor-column elementor-col-33 elementor-top-column elementor-element elementor-element-3a0174e elementor-hidden-phone\" data-id=\"3a0174e\" data-element_type=\"column\">\n\t\t\t<div class=\"elementor-widget-wrap\">\n\t\t\t\t\t\t\t<\/div>\n\t\t<\/div>\n\t\t\t\t<div class=\"elementor-column elementor-col-33 elementor-top-column elementor-element elementor-element-8575686\" data-id=\"8575686\" data-element_type=\"column\">\n\t\t\t<div class=\"elementor-widget-wrap elementor-element-populated\">\n\t\t\t\t\t\t<div class=\"elementor-element elementor-element-7bd67f8 elementor-widget elementor-widget-heading\" data-id=\"7bd67f8\" data-element_type=\"widget\" data-widget_type=\"heading.default\">\n\t\t\t\t<div class=\"elementor-widget-container\">\n\t\t\t\t\t<h2 class=\"elementor-heading-title elementor-size-default\">RODO<\/h2>\t\t\t\t<\/div>\n\t\t\t\t<\/div>\n\t\t\t\t\t<\/div>\n\t\t<\/div>\n\t\t\t\t<div class=\"elementor-column elementor-col-33 elementor-top-column elementor-element elementor-element-5ba40cb elementor-hidden-phone\" data-id=\"5ba40cb\" data-element_type=\"column\">\n\t\t\t<div class=\"elementor-widget-wrap\">\n\t\t\t\t\t\t\t<\/div>\n\t\t<\/div>\n\t\t\t\t\t<\/div>\n\t\t<\/section>\n\t\t\t\t<section class=\"elementor-section elementor-top-section elementor-element elementor-element-3f5f7af elementor-section-boxed elementor-section-height-default elementor-section-height-default\" data-id=\"3f5f7af\" data-element_type=\"section\">\n\t\t\t\t\t\t<div class=\"elementor-container elementor-column-gap-default\">\n\t\t\t\t\t<div class=\"elementor-column elementor-col-100 elementor-top-column elementor-element elementor-element-1ffef15\" data-id=\"1ffef15\" data-element_type=\"column\">\n\t\t\t<div class=\"elementor-widget-wrap elementor-element-populated\">\n\t\t\t\t\t\t<div class=\"elementor-element elementor-element-cc634fd elementor-widget elementor-widget-heading\" data-id=\"cc634fd\" data-element_type=\"widget\" data-widget_type=\"heading.default\">\n\t\t\t\t<div class=\"elementor-widget-container\">\n\t\t\t\t\t<h2 class=\"elementor-heading-title elementor-size-default\">Klauzula Informacyjna dot. przetwarzania danych osobowych w Prywatnym Liceum Og\u00f3lnokszta\u0142c\u0105cym dla M\u0142odzie\u017cy Nr 1 w Sochaczewie<\/h2>\t\t\t\t<\/div>\n\t\t\t\t<\/div>\n\t\t\t\t<div class=\"elementor-element elementor-element-8a6e771 elementor-widget elementor-widget-text-editor\" data-id=\"8a6e771\" data-element_type=\"widget\" data-widget_type=\"text-editor.default\">\n\t\t\t\t<div class=\"elementor-widget-container\">\n\t\t\t\t\t\t\t\t\t<p>Wype\u0142niaj\u0105c dyspozycj\u0119 art. 13 Rozporz\u0105dzenia Parlamentu Europejskiego i Rady (UE) 2016\/679 z dnia 27 kwietnia 2016 roku w sprawie ochrony os\u00f3b fizycznych w zwi\u0105zku z przetwarzaniem danych osobowych i w sprawie swobodnego przep\u0142ywu danych oraz uchylenia dyrektywy 95\/46\/WE (og\u00f3lne rozporz\u0105dzenie o ochronie danych zwane dalej RODO) informujemy, \u017ce przys\u0142uguj\u0105 Pa\u0144stwu okre\u015blone poni\u017cej prawa zwi\u0105zane z przetwarzaniem przez Prywatne Liceum Og\u00f3lnokszta\u0142c\u0105ce dla M\u0142odzie\u017cy Nr 1 w Sochaczewie danych osobowych.<\/p><p><strong>Administratorem danych osobowych jest:<\/strong><\/p><ol type=\"1\"><li>Prywatne Liceum Og\u00f3lnokszta\u0142c\u0105ce dla M\u0142odzie\u017cy Nr 1 w Sochaczewie reprezentowane przez Dyrekcje mgr Henryk\u0119 Miros\u0142aw\u0119 Adamczyk i Barbar\u0119 Karbownik, tel. 728-493-789 email:\u00a0sochaczewska_szkola_umiejetnosciop.pl<\/li><li><strong>Cele i podstawy przetwarzania danych osobowych:<\/strong><\/li><\/ol><p>Pa\u0144stwa dane osobowe s\u0105 przetwarzane w celu:<\/p><ol type=\"1\"><li>wype\u0142niania obowi\u0105zk\u00f3w prawnych ci\u0105\u017c\u0105cych na w\/w szkole w zwi\u0105zku<br \/>z prowadzeniem przez szko\u0142\u0119 zada\u0144 dydaktycznych, wychowawczych<br \/>i opieku\u0144czych, a wynikaj\u0105cych m.in. z ustawy z\u00a0dnia\u00a07\u00a0wrze\u015bnia 1991 r.<br \/>o systemie o\u015bwiaty (t.j. Dz. U. z 2017 r. poz. 2198 z p\u00f3\u017an. zm.) oraz ustawy z\u00a0dnia 14 grudnia 2016 r. \u2013 Prawo o\u015bwiatowe (podstawa prawna: art. 6 ust. 1 lit.<br \/>c Rozporz\u0105dzenia RODO);<\/li><li>wewn\u0119trznych cel\u00f3w administracyjnych w\/w szko\u0142y, w tym statystyki<br \/>i raportowania wewn\u0119trznego szko\u0142y (podstawa prawna: art. 6 ust. 1 lit.<br \/>b Rozporz\u0105dzenia RODO);<\/li><li>marketingu i promocji w\/w szko\u0142y, w tym prowadzenia konkurs\u00f3w, promocji osi\u0105gni\u0119\u0107 i utrwalania celem kszta\u0142towania pozytywnego wizerunku szko\u0142y (podstawa prawna: art. 6 ust. 1 lit. a Rozporz\u0105dzenia RODO).<\/li><li><strong>Kategorie Pa\u0144stwa danych, kt\u00f3re przetwarzamy:<\/strong><\/li><li>\u00a0<ol><li>oznaczenie uczni\u00f3w, rodzic\u00f3w, petent\u00f3w pozwalaj\u0105ce na ustalenie jego to\u017csamo\u015bci:<ol><li>nazwisko i imi\u0119 (imiona),<\/li><\/ol><ol><li>dat\u0119 urodzenia,<\/li><\/ol><ol><li>oznaczenie p\u0142ci,<\/li><\/ol><ol><li>adres miejsca zamieszkania,<\/li><\/ol><ol><li>numer PESEL,<\/li><\/ol><ol><li>adres email,<\/li><\/ol><ol><li>numer telefonu.<\/li><\/ol><\/li><\/ol><\/li><li><strong>Przekazywanie danych do pa\u0144stw trzecich lub organizacji mi\u0119dzynarodowych:<\/strong><\/li><\/ol><p>Pa\u0144stwa dane nie b\u0119d\u0105 przekazywane poza teren Polski, Unii Europejskiej, Europejskiego Obszaru Gospodarczego.<\/p><ul><li><strong>Okres przechowywania danych:<\/strong><\/li><\/ul><p>Pa\u0144stwa dane osobowe b\u0119d\u0105 przetwarzane przez okres:<\/p><ol type=\"1\"><li>w zakresie wype\u0142niania obowi\u0105zk\u00f3w prawnych ci\u0105\u017c\u0105cych na szkole \u2013 przez okres do czasu ich wype\u0142nienia;<\/li><li>w zakresie wewn\u0119trznych cel\u00f3w administracyjnych szko\u0142y \u2013 przez okres do czasu wype\u0142nienia prawnie uzasadnionych interes\u00f3w szko\u0142y stanowi\u0105cych podstaw\u0119 tego przetwarzania lub do czasu wniesienia przez Pani\u0105\/Pana sprzeciwu wobec takiego przetwarzania;<\/li><li>w zakresie marketingu i promocji szko\u0142y \u2013 przez okres do czasu wycofania przez Pani\u0105\/Pana zgody na takie przetwarzanie.<\/li><\/ol><p>a nast\u0119pnie zniszczone lub archiwizowane zgodnie z obowi\u0105zuj\u0105cymi przepisami.<\/p><ul><li><strong>Pa\u0144stwa prawa:<\/strong><\/li><\/ul><p>Ka\u017cda osoba, kt\u00f3rej dane s\u0105 przetwarzane ma prawo do: sprostowania\/uzupe\u0142nienia danych, usuni\u0119cia danych, bycia zapomnianym, do ograniczenia przetwarzania,<br \/>do przenoszenia danych, do sprzeciwu, do tego by nie podlega\u0107 profilowaniu, do cofni\u0119cia zgody na przetwarzanie swoich danych w dowolnym momencie.<\/p><p>Dane zwyk\u0142e i szczeg\u00f3lnej kategorii przetwarzane s\u0105 z zapewnieniem poufno\u015bci, integralno\u015bci, dost\u0119pno\u015bci i odporno\u015bci system\u00f3w i us\u0142ug przetwarzania.<\/p><p>\u201ePrzetwarzanie\u201d oznacza operacj\u0119 lub zestaw operacji wykonywanych na danych osobowych lub zestawach danych osobowych w spos\u00f3b zautomatyzowany lub niezautomatyzowany, tak\u0105 jak: zbieranie, utrwalanie, organizowanie, porz\u0105dkowanie, przechowywanie, adaptowanie lub modyfikowanie, pobieranie, przegl\u0105danie, wykorzystywanie, ujawnianie poprzez przes\u0142anie, rozpowszechnianie lub innego rodzaju udost\u0119pnianie, dopasowywanie lub \u0142\u0105czenie, ograniczanie, usuwanie lub niszczenie.<\/p><p><strong>W przypadku planowania dalszego przetwarzania Pa\u0144stwa danych osobowych w celu innym ni\u017c cel, w kt\u00f3rym dane osobowe zosta\u0142y zebrane, przed takim dalszym przetwarzaniem zostan\u0105 Pa\u0144stwo poinformowani o tym innym celu wraz z informacjami okre\u015blonymi w art. 13 ust. 2 lit. a \u2013 f RODO.<\/strong><\/p>\t\t\t\t\t\t\t\t<\/div>\n\t\t\t\t<\/div>\n\t\t\t\t\t<\/div>\n\t\t<\/div>\n\t\t\t\t\t<\/div>\n\t\t<\/section>\n\t\t\t\t<\/div>\n\t\t","protected":false},"excerpt":{"rendered":"<p>RODO Klauzula Informacyjna dot. przetwarzania danych osobowych w Prywatnym Liceum Og\u00f3lnokszta\u0142c\u0105cym dla M\u0142odzie\u017cy Nr 1 w Sochaczewie Wype\u0142niaj\u0105c dyspozycj\u0119 art. 13 Rozporz\u0105dzenia Parlamentu Europejskiego i Rady (UE) 2016\/679 z dnia 27 kwietnia 2016 roku w sprawie ochrony os\u00f3b fizycznych w zwi\u0105zku z przetwarzaniem danych osobowych i w sprawie swobodnego przep\u0142ywu danych oraz uchylenia dyrektywy 95\/46\/WE [&hellip;]<\/p>\n","protected":false},"author":1,"featured_media":0,"parent":0,"menu_order":0,"comment_status":"closed","ping_status":"closed","template":"page-templates\/pagebuilder.php","meta":{"zakra_sidebar_layout":"stretched","zakra_remove_content_margin":false,"zakra_sidebar":"customizer","zakra_transparent_header":"1","zakra_logo":0,"zakra_main_header_style":"default","zakra_menu_item_color":"","zakra_menu_item_hover_color":"","zakra_menu_item_active_color":"","zakra_menu_active_style":"","zakra_page_header":false,"pgc_sgb_lightbox_settings":"","footnotes":""},"class_list":["post-2538","page","type-page","status-publish","hentry"],"_links":{"self":[{"href":"https:\/\/liceumnr1sochaczew.pl\/index.php\/wp-json\/wp\/v2\/pages\/2538","targetHints":{"allow":["GET"]}}],"collection":[{"href":"https:\/\/liceumnr1sochaczew.pl\/index.php\/wp-json\/wp\/v2\/pages"}],"about":[{"href":"https:\/\/liceumnr1sochaczew.pl\/index.php\/wp-json\/wp\/v2\/types\/page"}],"author":[{"embeddable":true,"href":"https:\/\/liceumnr1sochaczew.pl\/index.php\/wp-json\/wp\/v2\/users\/1"}],"replies":[{"embeddable":true,"href":"https:\/\/liceumnr1sochaczew.pl\/index.php\/wp-json\/wp\/v2\/comments?post=2538"}],"version-history":[{"count":5,"href":"https:\/\/liceumnr1sochaczew.pl\/index.php\/wp-json\/wp\/v2\/pages\/2538\/revisions"}],"predecessor-version":[{"id":3959,"href":"https:\/\/liceumnr1sochaczew.pl\/index.php\/wp-json\/wp\/v2\/pages\/2538\/revisions\/3959"}],"wp:attachment":[{"href":"https:\/\/liceumnr1sochaczew.pl\/index.php\/wp-json\/wp\/v2\/media?parent=2538"}],"curies":[{"name":"wp","href":"https:\/\/api.w.org\/{rel}","templated":true}]}}