{"id":2542,"date":"2023-02-13T10:50:09","date_gmt":"2023-02-13T09:50:09","guid":{"rendered":"http:\/\/liceumnr1sochaczew.pl\/?page_id=2542"},"modified":"2026-02-06T13:01:18","modified_gmt":"2026-02-06T12:01:18","slug":"maturzysci","status":"publish","type":"page","link":"https:\/\/liceumnr1sochaczew.pl\/index.php\/maturzysci\/","title":{"rendered":"Dla maturzyst\u00f3w"},"content":{"rendered":"\t\t<div data-elementor-type=\"wp-page\" data-elementor-id=\"2542\" class=\"elementor elementor-2542\">\n\t\t\t\t\t\t<section class=\"elementor-section elementor-top-section elementor-element elementor-element-8ee9e17 elementor-section-height-min-height elementor-section-boxed elementor-section-height-default elementor-section-items-middle\" data-id=\"8ee9e17\" data-element_type=\"section\" data-settings=\"{&quot;background_background&quot;:&quot;classic&quot;}\">\n\t\t\t\t\t\t\t<div class=\"elementor-background-overlay\"><\/div>\n\t\t\t\t\t\t\t<div class=\"elementor-container elementor-column-gap-default\">\n\t\t\t\t\t<div class=\"elementor-column elementor-col-33 elementor-top-column elementor-element elementor-element-3a0174e elementor-hidden-phone\" data-id=\"3a0174e\" data-element_type=\"column\">\n\t\t\t<div class=\"elementor-widget-wrap\">\n\t\t\t\t\t\t\t<\/div>\n\t\t<\/div>\n\t\t\t\t<div class=\"elementor-column elementor-col-33 elementor-top-column elementor-element elementor-element-8575686\" data-id=\"8575686\" data-element_type=\"column\">\n\t\t\t<div class=\"elementor-widget-wrap elementor-element-populated\">\n\t\t\t\t\t\t<div class=\"elementor-element elementor-element-7bd67f8 elementor-widget elementor-widget-heading\" data-id=\"7bd67f8\" data-element_type=\"widget\" data-widget_type=\"heading.default\">\n\t\t\t\t<div class=\"elementor-widget-container\">\n\t\t\t\t\t<h2 class=\"elementor-heading-title elementor-size-default\">Terminarz maturzysty<\/h2>\t\t\t\t<\/div>\n\t\t\t\t<\/div>\n\t\t\t\t\t<\/div>\n\t\t<\/div>\n\t\t\t\t<div class=\"elementor-column elementor-col-33 elementor-top-column elementor-element elementor-element-5ba40cb elementor-hidden-phone\" data-id=\"5ba40cb\" data-element_type=\"column\">\n\t\t\t<div class=\"elementor-widget-wrap\">\n\t\t\t\t\t\t\t<\/div>\n\t\t<\/div>\n\t\t\t\t\t<\/div>\n\t\t<\/section>\n\t\t\t\t<section class=\"elementor-section elementor-top-section elementor-element elementor-element-3f5f7af elementor-section-boxed elementor-section-height-default elementor-section-height-default\" data-id=\"3f5f7af\" data-element_type=\"section\">\n\t\t\t\t\t\t<div class=\"elementor-container elementor-column-gap-default\">\n\t\t\t\t\t<div class=\"elementor-column elementor-col-100 elementor-top-column elementor-element elementor-element-1ffef15\" data-id=\"1ffef15\" data-element_type=\"column\">\n\t\t\t<div class=\"elementor-widget-wrap elementor-element-populated\">\n\t\t\t\t\t\t<div class=\"elementor-element elementor-element-f970392 elementor-widget__width-initial elementor-widget elementor-widget-text-editor\" data-id=\"f970392\" data-element_type=\"widget\" data-widget_type=\"text-editor.default\">\n\t\t\t\t<div class=\"elementor-widget-container\">\n\t\t\t\t\t\t\t\t\t<p>Terminarz<strong> maturzysty<\/strong><\/p>\n<p><!-- \/wp:paragraph --><\/p>\n<p><!-- wp:paragraph --><\/p>\n<p><!-- \/wp:paragraph --><\/p>\n<p><!-- wp:paragraph --><\/p>\n<p>9 luty \u2013 z\u0142o\u017cenie deklaracji ostatecznej.<\/p>\n<p><!-- \/wp:paragraph --><\/p>\n<p><!-- wp:paragraph --><\/p>\n<p>Po terminie deklaracji ostatecznej nie ma ju\u017c mo\u017cliwo\u015bci dokonywania w deklaracji zmian.<\/p>\n<p><!-- \/wp:paragraph --><\/p>\n<p><!-- wp:paragraph --><\/p>\n<p><strong>Harmonogram Egzaminu Maturalnego w Terminie G\u0142\u00f3wnym<\/strong><\/p>\n<p><strong>\u00a0<\/strong><\/p>\n<p><strong>\u00a0<\/strong><\/p>\n<p><!-- \/wp:paragraph --><\/p>\n<p><!-- wp:group --><\/p>\n<div>\n<p><!-- wp:columns --><\/p>\n<div>\n<p><!-- wp:column {\"width\":\"100%\"} --><\/p>\n<div style=\"flex-basis: 100%;\">\n<p><!-- wp:table {\"className\":\"is-style-regular\"} --><\/p>\n<figure>\n<table>\n<tbody>\n<tr>\n<td><strong>Cz\u0119\u015b\u0107 pisemna egzaminu maturalnego<\/strong><\/td>\n<\/tr>\n<tr>\n<td><strong>Maj<\/strong><\/td>\n<td><strong>Godzina 9:00<\/strong><\/td>\n<td><strong>Czas trwania egzaminu<\/strong><\/td>\n<td><strong>Godzina 14:00<\/strong><\/td>\n<td><strong>Czas trwania egzaminu<\/strong><\/td>\n<\/tr>\n<tr>\n<td><b>4<\/b> (poniedzia\u0142ek)<\/td>\n<td>J\u0119zyk polski &#8211; pp<\/td>\n<td>240 minut &#8211; w Formule 2023<br \/>170 minut &#8211; w Formule 2015<\/td>\n<td>\u00a0<\/td>\n<td>\u00a0<\/td>\n<td>\u00a0<\/td>\n<\/tr>\n<tr>\n<td><strong>5 <\/strong>(wtorek)<\/td>\n<td>Matematyka\u00a0 &#8211; pp<\/td>\n<td>\n<p>180 minut &#8211; w Formule 2023<\/p>\n<p>170 minut &#8211; w Formule 2015<\/p>\n<\/td>\n<td>\u00a0<\/td>\n<td>\u00a0<\/td>\n<td>\u00a0<\/td>\n<\/tr>\n<tr>\n<td><b>6 <\/b>(\u015broda)<\/td>\n<td>j\u0119zyk angielski \u2013 pp<\/td>\n<td>120 minut &#8211; w Formule 2023 i Formule 2015<\/td>\n<td>\u00a0<\/td>\n<td>\u00a0<\/td>\n<td>\u00a0<\/td>\n<\/tr>\n<tr>\n<td>\u00a07 (czwartek)<\/td>\n<td>\u00a0j\u0119zyk angielski &#8211; pr<\/td>\n<td>\u00a0150 minut &#8211; w Formule 2023 i 2015<\/td>\n<td>\u00a0<\/td>\n<td>\u00a0<\/td>\n<td>\u00a0<\/td>\n<\/tr>\n<tr>\n<td><b>8<\/b> (pi\u0105tek)<\/td>\n<td>biologia \u2013 pr<\/td>\n<td>180 minut &#8211; w Formule 2023 i 2015<\/td>\n<td>\u00a0<\/td>\n<td>\u00a0<\/td>\n<td>\u00a0<\/td>\n<\/tr>\n<tr>\n<td><strong>11<\/strong>\u00a0(poniedzia\u0142ek)<\/td>\n<td>matematyka &#8211; pr<\/td>\n<td>180 minut &#8211; w Formule 2023 i 2015<\/td>\n<td>\u00a0<\/td>\n<td>\u00a0<\/td>\n<td>\u00a0<\/td>\n<\/tr>\n<tr>\n<td><strong>12<\/strong>\u00a0(wtorek)<\/td>\n<td>wiedza o spo\u0142ecze\u0144stwie &#8211; pr<\/td>\n<td>180 minut &#8211; w Formule 2023 i 2015<\/td>\n<td>\u00a0<\/td>\n<td>\u00a0<\/td>\n<td>\u00a0<\/td>\n<\/tr>\n<tr>\n<td><strong>13<\/strong>\u00a0(\u015broda)<\/td>\n<td>chemia &#8211; pr<\/td>\n<td>180 minut &#8211; w Formule 2023 i 2015<\/td>\n<td>\u00a0Historia sztuki &#8211; pr<\/td>\n<td>\u00a0<\/td>\n<td>\n<table style=\"width: 1120px; letter-spacing: 0.16px;\">\n<tbody>\n<tr>\n<td>180 minut &#8211; w Formule 2023 i 2015<\/td>\n<\/tr>\n<\/tbody>\n<\/table>\n<\/td>\n<\/tr>\n<tr>\n<td>15 (pi\u0105tek)<\/td>\n<td>geografia- pr<\/td>\n<td>180 minut &#8211; w Formule 2023 i 2015<\/td>\n<td>\u00a0<\/td>\n<td>\u00a0<\/td>\n<td>\u00a0<\/td>\n<\/tr>\n<tr>\n<td><b>18 (<\/b>poniedzia\u0142ek<b>)<\/b><\/td>\n<td>historia- pr<\/td>\n<td>180 minut &#8211; w Formule 2023 i 2015<\/td>\n<td>\u00a0<\/td>\n<td>\u00a0<\/td>\n<td>\u00a0<\/td>\n<\/tr>\n<tr>\n<td><b>19<\/b> (wtorek)<\/td>\n<td>fizyka &#8211; pr<\/td>\n<td>\n<p><span style=\"font-style: inherit; font-weight: inherit; color: var( --e-global-color-text ); letter-spacing: 0.01em;\">180 minut &#8211; w Formule 2023 i 2015<\/span><\/p>\n<\/td>\n<td>\u00a0<\/td>\n<td>\u00a0<\/td>\n<td>\u00a0<\/td>\n<\/tr>\n<tr>\n<td><strong>20<\/strong> (\u015broda)<\/td>\n<td>j\u0119zyk polski &#8211; pr<\/td>\n<td>180 minut &#8211; w Formule 2023 i 2015<\/td>\n<td>\u00a0<\/td>\n<td>\u00a0<\/td>\n<td>\u00a0<\/td>\n<\/tr>\n<tr>\n<td>\u00a0<\/td>\n<td>\u00a0<\/td>\n<td><span style=\"letter-spacing: 0.16px;\">\u00a0<\/span><\/td>\n<td>\u00a0<\/td>\n<td>\u00a0<\/td>\n<td>\u00a0<\/td>\n<\/tr>\n<\/tbody>\n<\/table>\n<\/figure>\n<p><!-- \/wp:table --><\/p>\n<\/div>\n<p><!-- \/wp:column --><\/p>\n<\/div>\n<p><!-- \/wp:columns --><\/p>\n<\/div>\n<p><!-- \/wp:group --><\/p>\n<p><!-- wp:paragraph --><\/p>\n<p>*pp \u2013 poziom podstawowy,<\/p>\n<p><!-- \/wp:paragraph --><\/p>\n<p><!-- wp:paragraph --><\/p>\n<p>pr- poziom rozszerzony.<\/p>\n<p>W 2026 r. egzamin maturalny jest przeprowadzany w dw\u00f3ch formu\u0142ach tj.:<\/p>\n<p>1) w Formule 2023 &#8211; dla absolwent\u00f3w 4 letniego liceum og\u00f3lnokszta\u0142c\u0105cego;<\/p>\n<p>2) w Formule 2015 &#8211; dla absolwent\u00f3w ponadpodstawowych szk\u00f3\u0142 \u015brednich , kt\u00f3rzy po raz pierwszy przyst\u0105pili do egzaminu maturalnego w latach 2018-2022, ale nie uzyskali \u015bwiadectwa dojrza\u0142o\u015bci i absolwent\u00f3w wszystkich pozosta\u0142ych typ\u00f3w szk\u00f3\u0142 z lat 2005-2022.<\/p>\n<p>Egzamin maturalny jest przeprowadzany z przedmiot\u00f3w obowi\u0105zkowych oraz przedmiot\u00f3w dodatkowych i w 2026 r. sk\u0142ada si\u0119 z cz\u0119\u015bci ustnej oraz cz\u0119\u015bci pisemnej.<\/p>\n<p>Absolwent, przyst\u0119puj\u0105c do egzaminu maturalnego w 2026r. <strong>zdaje obowi\u0105zkowo &#8211;\u00a0<\/strong><\/p>\n<p>1) w cz\u0119\u015bci ustnej &#8211; egzaminy, dla kt\u00f3rych nie okre\u015bla si\u0119 poziomu, z nast\u0119puj\u0105cych przedmiot\u00f3w:<\/p>\n<p>a) j\u0119zyk polski<\/p>\n<p>b) j\u0119zyk obcy nowo\u017cytny wybrany spo\u015br\u00f3d j\u0119zyk\u00f3w: angielskiego, francuskiego, hiszpa\u0144skiego, niemieckiego, rosyjskiego i w\u0142oskiego<\/p>\n<p>c) j\u0119zyk mniejszo\u015bci narodowej, je\u017celi jest absolwentem szko\u0142y lub oddzia\u0142u z j\u0119zykiem nauczania danej mniejszo\u015bci narodowej<\/p>\n<p>2) w cz\u0119\u015bci pisemnej &#8211; egzaminy na poziomie podstawowym z nast\u0119puj\u0105cych przedmiot\u00f3w:<\/p>\n<p>a) j\u0119zyk polski<\/p>\n<p>b) matematyka<\/p>\n<p>c) j\u0119zyk obcy nowo\u017cytny<\/p>\n<p>Aby w 2026r. uzyska\u0107 \u015bwiadectwo dojrza\u0142o\u015bci, absolwent obowi\u0105zkowo przyst\u0119puje r\u00f3wnie\u017c do cz\u0119\u015bci pisemnej egzaminu z jednego przedmiotu dodatkowego na poziomie rozszerzonym lub &#8211; w przypadku j\u0119zyka obcego nowo\u017cytnego &#8211; na poziomie rozszerzonym albo dwuj\u0119zycznym. Wyboru dokonuje si\u0119 spo\u015br\u00f3d nast\u0119puj\u0105cych przedmiot\u00f3w:<\/p>\n<p>1) biologia<\/p>\n<p>2) chemia<\/p>\n<p>3) filozofia<\/p>\n<p>4) fizyka<\/p>\n<p>5) geografia<\/p>\n<p>6) historia<\/p>\n<p>7) historia muzyki<\/p>\n<p>8) historia sztuki<\/p>\n<p>9) informatyka<\/p>\n<p>10) j\u0119zyk \u0142aci\u0144ski i kultura antyczna<\/p>\n<p>11) j\u0119zyk mniejszo\u015bci etnicznej (j\u0119zyk \u0142emkowski)<\/p>\n<p>12) j\u0119zyk mniejszo\u015bci narodowej (wyb\u00f3r spo\u015br\u00f3d nast\u0119puj\u0105cych j\u0119zyk\u00f3w: bia\u0142oruski, litewski, niemiecki, ukrai\u0144ski)<\/p>\n<p>13) j\u0119zyk obcy nowo\u017cytny (wyb\u00f3r spo\u015br\u00f3d nast\u0119puj\u0105cych j\u0119zyk\u00f3w: angielski, francuski, hiszpa\u0144ski, niemiecki, rosyjski, w\u0142oski)<\/p>\n<p>14) j\u0119zyk polski<\/p>\n<p>15) j\u0119zyk regionalny (j\u0119zyk kaszubski)<\/p>\n<p>16) matematyka<\/p>\n<p>17) wiedza o spo\u0142ecze\u0144stwie<\/p>\n<p><!-- \/wp:paragraph --><\/p>\n<p><!-- wp:paragraph --><\/p>\n<p>Osoby zdeklarowane s\u0105 zobowi\u0105zane do przyst\u0105pienia do egzaminu nieobecno\u015b\u0107 skutkuje nie zdaniem egzaminu maturalnego.<\/p>\n<p><!-- \/wp:paragraph --><\/p>\n<p><!-- wp:paragraph --><\/p>\n<p>Termin og\u0142aszania wynik\u00f3w egzaminu maturalnego, wydawania \u015bwiadectw, aneks\u00f3w i informacji o wynikach &#8211;\u00a0<b> 8 lipca 2026r.<\/b><\/p>\n<p>Termin wydania zdaj\u0105cym \u015bwiadectw, aneks\u00f3w i informacji o wynikach 8<b> lipca 2025r.\u00a0<\/b><\/p>\n<p><!-- \/wp:paragraph --><\/p>\n<p><!-- wp:paragraph --><\/p>\n<p><strong>Harmonogram Egzaminu Maturalnego w Terminie Dodatkowym<\/strong><\/p>\n<p><!-- \/wp:paragraph --><\/p>\n<p><!-- wp:table --><\/p>\n<figure>\n<table>\n<tbody>\n<tr>\n<td><strong>Cz\u0119\u015b\u0107 pisemna egzaminu maturalnego<\/strong><\/td>\n<\/tr>\n<tr>\n<td><strong>Czerwiec<\/strong><\/td>\n<td><strong>Godzina 9:00<\/strong><\/td>\n<td><strong>Czas trwania egzaminu<\/strong><\/td>\n<td><strong>Godzina 14:00<\/strong><\/td>\n<td><strong>Czas trwania egzaminu<\/strong><\/td>\n<\/tr>\n<tr>\n<td>1 (poniedzia\u0142ek)<\/td>\n<td>J\u0119zyk polski\u00a0 &#8211; pp*<\/td>\n<td><span style=\"font-size: 14.4px;\">240 minut &#8211; w Formule 2023<\/span><br style=\"font-size: 14.4px;\" \/><span style=\"font-size: 14.4px;\">170 minut &#8211; w Formule 2015\u00a0<\/span><\/td>\n<td>\u00a0<\/td>\n<td>\u00a0<\/td>\n<td>\u00a0<\/td>\n<\/tr>\n<tr>\n<td>2 (wtorek)<\/td>\n<td>Matematyka &#8211; pp<\/td>\n<td><span style=\"font-size: 14.4px;\">180 minut &#8211; w Formule 2023<\/span><br style=\"font-size: 14.4px;\" \/><span style=\"font-size: 14.4px;\">170 minut &#8211; w Formule 2015\u00a0<\/span><\/td>\n<td>J\u0119zyk angielski &#8211; pr<\/td>\n<td>150 minut<\/td>\n<td>\u00a0<\/td>\n<\/tr>\n<tr>\n<td>3(\u015broda)<\/td>\n<td>J\u0119zyk angielski &#8211; pp<\/td>\n<td><span style=\"font-size: 14.4px;\">120 minut &#8211; w Formule 2023 i 2015\u00a0<\/span><\/td>\n<td>matematyka -pr\u00a0<\/td>\n<td>\u00a0<\/td>\n<td>\u00a0<\/td>\n<\/tr>\n<tr>\n<td>5 (pi\u0105tek)<\/td>\n<td>Biologia-pr<\/td>\n<td>\u00a0180 minut &#8211; w Formule 2023 i 2015<\/td>\n<td>\u00a0<\/td>\n<td>\u00a0<\/td>\n<td>\u00a0<\/td>\n<\/tr>\n<tr>\n<td>8 (poniedzia\u0142ek)<\/td>\n<td>Wiedza o spo\u0142ecze\u0144stwie &#8211; pr<\/td>\n<td><span style=\"font-size: 14.4px;\">180 minut &#8211; w Formule 2023 i 2015\u00a0<\/span><\/td>\n<td>\u00a0<\/td>\n<td>\u00a0<\/td>\n<td>\u00a0<\/td>\n<\/tr>\n<tr>\n<td>9 (wtorek)<\/td>\n<td>Chemia &#8211; pr<\/td>\n<td><span style=\"font-size: 14.4px;\">180 minut &#8211; w Formule 2023 i 2015\u00a0<\/span><\/td>\n<td>\u00a0<\/td>\n<td>\u00a0<\/td>\n<td>\u00a0<\/td>\n<\/tr>\n<tr>\n<td>10 (\u015broda)<\/td>\n<td>Informatyka<\/td>\n<td><span style=\"font-size: 14.4px;\">180 minut &#8211; w Formule 2023 i 2015\u00a0<\/span><\/td>\n<td>historia &#8211; pr<\/td>\n<td>\u00a0<\/td>\n<td>\u00a0<\/td>\n<\/tr>\n<tr>\n<td>11 (czwartek)<\/td>\n<td>Geografia &#8211; pr<\/td>\n<td><span style=\"font-size: 14.4px;\">180 minut &#8211; w Formule 2023 i 2015\u00a0<\/span><\/td>\n<td>\u00a0<\/td>\n<td>\u00a0<\/td>\n<td>\u00a0<\/td>\n<\/tr>\n<tr>\n<td>12 (pi\u0105tek)<\/td>\n<td>Fizyka &#8211; pr<\/td>\n<td><span style=\"font-size: 14.4px;\">180 minut &#8211; w Formule 2023 i 2015\u00a0<\/span><\/td>\n<td>\u00a0<\/td>\n<td>\u00a0<\/td>\n<td>\u00a0<\/td>\n<\/tr>\n<tr>\n<td>15 (poniedzia\u0142ek)<\/td>\n<td>J\u0119zyk polski &#8211; pr<\/td>\n<td><span style=\"font-size: 14.4px;\">180 minut &#8211; w Formule 2023 i 2015\u00a0<\/span><\/td>\n<td>\u00a0<\/td>\n<td>\u00a0<\/td>\n<td>\u00a0<\/td>\n<\/tr>\n<\/tbody>\n<\/table>\n<\/figure>\n<p><!-- \/wp:table --><\/p>\n<p><!-- wp:paragraph --><\/p>\n<p><strong>Harmonogram Egzaminu Maturalnego w Terminie Poprawkowym<\/strong><\/p>\n<p><!-- \/wp:paragraph --><\/p>\n<p><!-- wp:list {\"ordered\":true,\"type\":\"1\"} --><\/p>\n<ol type=\"1\">\n<li>Cz\u0119\u015b\u0107 pisemna \u2013<strong> 24 sierpnia 2026r. (poniedzia\u0142ek), godz. 9:00<\/strong><\/li>\n<li>Cz\u0119\u015b\u0107 ustna (j\u0119zyk polski, j\u0119zyki obce nowo\u017cytne) &#8211; <strong>25 sierpnia 2026r. (\u015broda)<\/strong><\/li>\n<\/ol>\n<p><!-- \/wp:list --><\/p>\n<p><!-- wp:paragraph --><\/p>\n<p>Termin og\u0142aszania wynik\u00f3w egzaminu maturalnego, wydawania \u015bwiadectw, aneks\u00f3w i informacji o wynikach \u2013 <strong>11 wrze\u015bnia 2026r.<\/strong><\/p>\n<p><strong><!-- \/wp:paragraph --><\/strong><\/p>\n<p><strong><!-- wp:paragraph --><\/strong><\/p>\n<p><strong>Ka\u017cdy zdaj\u0105cy powinien mie\u0107<\/strong> na egzaminie z ka\u017cdego przedmiotu d\u0142ugopis (lub pi\u00f3ro) z czarnym tuszem (atramentem) przeznaczony do zapisywania rozwi\u0105za\u0144 (odpowiedzi). Rysunki \u2013 je\u017celi trzeba je wykona\u0107 \u2013 zdaj\u0105cy wykonuje d\u0142ugopisem. Nie wykonuje si\u0119 rysunk\u00f3w o\u0142\u00f3wkiem. Zdaj\u0105cy na egzamin z matematyki powinien si\u0119 zaopatrzy\u0107 si\u0119 w linijk\u0119, cyrkiel, kalkulator prosty.<\/p>\n<p><!-- \/wp:paragraph --><\/p>\n<p><!-- wp:paragraph --><\/p>\n<p><strong><u>Informacja o op\u0142atach za egzaminy maturalne\u00a0 wnoszonych do Okr\u0119gowej Komisji Egzaminacyjnej w Warszawie<\/u><\/strong><\/p>\n<p><!-- \/wp:paragraph --><\/p>\n<p><!-- wp:paragraph --><\/p>\n<p>Op\u0142at\u0119 wnosz\u0105 :<\/p>\n<p><!-- \/wp:paragraph --><\/p>\n<p><!-- wp:list {\"ordered\":true,\"type\":\"1\"} --><\/p>\n<ol type=\"1\">\n<li>Absolwenci, kt\u00f3rzy po raz trzeci i kolejny przyst\u0119puj\u0105 do egzaminu maturalnego z tego samego przedmiotu obowi\u0105zkowego lub z tego samego przedmiotu dodatkowego.<\/li>\n<li>Absolwenci, kt\u00f3rzy przyst\u0119puj\u0105 do egzaminu maturalnego z tego samego przedmiotu dodatkowego, kt\u00f3ry w poprzednim roku lub w poprzednich latach zg\u0142aszali w deklaracjach, ale nie przyst\u0105pili do egzaminu maturalnego z tego przedmiotu.<\/li>\n<\/ol>\n<p><!-- \/wp:list --><\/p>\n<p><!-- wp:paragraph --><\/p>\n<p><strong>&#8222;Kolejny raz&#8221; przyst\u0105pienie do egzaminu oznacza &#8222;kolejny rok&#8221;<\/strong>. Przyst\u0105pienie do egzaminu w terminie g\u0142\u00f3wnym\/ dodatkowym oraz poprawkowym jest traktowane jako przyst\u0105pienie do egzaminu maturalnego z danego przedmiotu na danym poziomie jeden raz. Op\u0142ata stanowi doch\u00f3d bud\u017cetu pa\u0144stwa. W razie rezygnacji z przyst\u0105pienia do egzaminu b\u0105d\u017a nie przyst\u0105pienia do egzaminu op\u0142ata nie podlega zwrotowi.\u00a0<\/p>\n<p><strong>Obowi\u0105zek sprawdzenia, czy za dany egzamin nale\u017cy wnie\u015b\u0107 op\u0142at\u0119, spoczywa na absolwencie.<\/strong><\/p>\n<p><strong>Wysoko\u015b\u0107 op\u0142aty i spos\u00f3b dokonania wp\u0142aty :<\/strong><\/p>\n<p><!-- \/wp:paragraph --><\/p>\n<p><!-- wp:paragraph --><\/p>\n<p>Spos\u00f3b obliczenia op\u0142aty:<strong> 50 z\u0142 ka\u017cdy egzamin<\/strong><\/p>\n<p><!-- \/wp:paragraph --><\/p>\n<p><!-- wp:paragraph --><\/p>\n<p>Termin wniesienia op\u0142aty <strong>od 1 stycznia do 9 marca 2026r.<\/strong> (niewniesienie op\u0142aty maturalnej w wyznaczonym terminie skutkuje brakiem mo\u017cliwo\u015bci przyst\u0105pienia do egzaminu).<\/p>\n<p><b>Rachunek bankowy komisji: Okr\u0119gowa Komisja Egzaminacyjna w Warszawie\u00a0<\/b><\/p>\n<p><b>Nu<\/b>mer konta:<b> 80 1010 1010 0109 0822 3100 0000<\/b><\/p>\n<p><b>W polu &#8222;Tytu\u0142 wp\u0142aty&#8221; nale\u017cy wpisa\u0107:<\/b><\/p>\n<p><b>Op\u0142ata za matur\u0119, imi\u0119 i nazwisko zdaj\u0105cego, numer PESEL, nast\u0119pnie poda\u0107 przedmiot i poziom<\/b><\/p>\n<p><b>Przyk\u0142ad: Op\u0142ata za matur\u0119, Jan Kowalski, 90101010101, j\u0119zyk angielski &#8211; matematyka, poziom rozszerzony<\/b><\/p>\n<p><!-- \/wp:paragraph --><\/p>\n<p><!-- wp:paragraph --><\/p>\n<p><strong>Poinformowanie komisji o wniesieniu op\u0142aty :<\/strong><\/p>\n<p><!-- \/wp:paragraph --><\/p>\n<p><!-- wp:paragraph --><\/p>\n<p>Po wniesieniu op\u0142aty absolwent przekazuje potwierdzenie wp\u0142aty do OKE w Warszawie, osobi\u015bcie do OKE w Warszawie, drog\u0105 elektroniczn\u0105<\/p>\n<p><!-- \/wp:paragraph --><\/p>\n<p><!-- wp:paragraph --><\/p>\n<p>( na adres e- mailowy: <a href=\"mailto:oplatamaturalna@oke.waw.pl\">oplatamaturalna@oke.waw.pl<\/a>) lub pocztow\u0105 na adres korespondencyjny Komisji :<\/p>\n<p><!-- \/wp:paragraph --><\/p>\n<p><!-- wp:paragraph --><\/p>\n<p><em>Okr\u0119gowa Komisja Egzaminacyjna w Warszawie,<\/em><\/p>\n<p><!-- \/wp:paragraph --><\/p>\n<p><!-- wp:paragraph --><\/p>\n<p><em>ul. J\u00f3zefa Bema 87, 01-233 Warszawa <\/em><\/p>\n<p><!-- \/wp:paragraph --><\/p>\n<p><!-- wp:paragraph --><\/p>\n<p><em>\u201eop\u0142ata maturalna\u201d<\/em><\/p>\n<p><!-- \/wp:paragraph --><\/p>\n<p><!-- wp:paragraph --><\/p>\n<p>Kopi\u0119 potwierdzenia wniesienia op\u0142aty absolwent sk\u0142ada w tym samym terminie dyrektorowi szko\u0142y, w kt\u00f3rej przyst\u0119puje do egzaminu maturalnego.<\/p>\n<p>UWAGA: Absolwent, kt\u00f3ry uko\u0144czy\u0142 szko\u0142\u0119 macierzyst\u0105 poza wojew\u00f3dztwem mazowieckim, tj. w innym obr\u0119bie dzia\u0142ania ni\u017c OKE w Warszawie, powinien wnie\u015b\u0107 op\u0142at\u0119 do w\u0142a\u015bciwej OKE.<\/p>\n<p>\u00a0<\/p>\n<p><!-- \/wp:paragraph --><\/p>\t\t\t\t\t\t\t\t<\/div>\n\t\t\t\t<\/div>\n\t\t\t\t\t<\/div>\n\t\t<\/div>\n\t\t\t\t\t<\/div>\n\t\t<\/section>\n\t\t\t\t<\/div>\n\t\t","protected":false},"excerpt":{"rendered":"<p>Terminarz maturzysty Terminarz maturzysty 9 luty \u2013 z\u0142o\u017cenie deklaracji ostatecznej. Po terminie deklaracji ostatecznej nie ma ju\u017c mo\u017cliwo\u015bci dokonywania w deklaracji zmian. Harmonogram Egzaminu Maturalnego w Terminie G\u0142\u00f3wnym \u00a0 \u00a0 Cz\u0119\u015b\u0107 pisemna egzaminu maturalnego Maj Godzina 9:00 Czas trwania egzaminu Godzina 14:00 Czas trwania egzaminu 4 (poniedzia\u0142ek) J\u0119zyk polski &#8211; pp 240 minut &#8211; w [&hellip;]<\/p>\n","protected":false},"author":1,"featured_media":0,"parent":0,"menu_order":0,"comment_status":"closed","ping_status":"closed","template":"page-templates\/pagebuilder.php","meta":{"zakra_sidebar_layout":"stretched","zakra_remove_content_margin":false,"zakra_sidebar":"customizer","zakra_transparent_header":"1","zakra_logo":0,"zakra_main_header_style":"default","zakra_menu_item_color":"","zakra_menu_item_hover_color":"","zakra_menu_item_active_color":"","zakra_menu_active_style":"","zakra_page_header":false,"pgc_sgb_lightbox_settings":"","footnotes":""},"class_list":["post-2542","page","type-page","status-publish","hentry"],"_links":{"self":[{"href":"https:\/\/liceumnr1sochaczew.pl\/index.php\/wp-json\/wp\/v2\/pages\/2542","targetHints":{"allow":["GET"]}}],"collection":[{"href":"https:\/\/liceumnr1sochaczew.pl\/index.php\/wp-json\/wp\/v2\/pages"}],"about":[{"href":"https:\/\/liceumnr1sochaczew.pl\/index.php\/wp-json\/wp\/v2\/types\/page"}],"author":[{"embeddable":true,"href":"https:\/\/liceumnr1sochaczew.pl\/index.php\/wp-json\/wp\/v2\/users\/1"}],"replies":[{"embeddable":true,"href":"https:\/\/liceumnr1sochaczew.pl\/index.php\/wp-json\/wp\/v2\/comments?post=2542"}],"version-history":[{"count":10,"href":"https:\/\/liceumnr1sochaczew.pl\/index.php\/wp-json\/wp\/v2\/pages\/2542\/revisions"}],"predecessor-version":[{"id":6308,"href":"https:\/\/liceumnr1sochaczew.pl\/index.php\/wp-json\/wp\/v2\/pages\/2542\/revisions\/6308"}],"wp:attachment":[{"href":"https:\/\/liceumnr1sochaczew.pl\/index.php\/wp-json\/wp\/v2\/media?parent=2542"}],"curies":[{"name":"wp","href":"https:\/\/api.w.org\/{rel}","templated":true}]}}