{"id":3984,"date":"2024-03-04T10:39:15","date_gmt":"2024-03-04T09:39:15","guid":{"rendered":"https:\/\/liceumnr1sochaczew.pl\/?page_id=3984"},"modified":"2026-03-11T13:48:26","modified_gmt":"2026-03-11T12:48:26","slug":"nowa-oferta","status":"publish","type":"page","link":"https:\/\/liceumnr1sochaczew.pl\/index.php\/nowa-oferta\/","title":{"rendered":"Oferta 2025\/2026"},"content":{"rendered":"\t\t<div data-elementor-type=\"wp-page\" data-elementor-id=\"3984\" class=\"elementor elementor-3984\">\n\t\t\t\t\t\t<section class=\"elementor-section elementor-top-section elementor-element elementor-element-1994700 elementor-section-height-min-height elementor-section-boxed elementor-section-height-default elementor-section-items-middle\" data-id=\"1994700\" data-element_type=\"section\" data-settings=\"{&quot;background_background&quot;:&quot;classic&quot;}\">\n\t\t\t\t\t\t\t<div class=\"elementor-background-overlay\"><\/div>\n\t\t\t\t\t\t\t<div class=\"elementor-container elementor-column-gap-default\">\n\t\t\t\t\t<div class=\"elementor-column elementor-col-33 elementor-top-column elementor-element elementor-element-289c95b\" data-id=\"289c95b\" data-element_type=\"column\">\n\t\t\t<div class=\"elementor-widget-wrap\">\n\t\t\t\t\t\t\t<\/div>\n\t\t<\/div>\n\t\t\t\t<div class=\"elementor-column elementor-col-33 elementor-top-column elementor-element elementor-element-ab115cb\" data-id=\"ab115cb\" data-element_type=\"column\">\n\t\t\t<div class=\"elementor-widget-wrap elementor-element-populated\">\n\t\t\t\t\t\t<div class=\"elementor-element elementor-element-7a1cb7f elementor-widget elementor-widget-heading\" data-id=\"7a1cb7f\" data-element_type=\"widget\" data-widget_type=\"heading.default\">\n\t\t\t\t<div class=\"elementor-widget-container\">\n\t\t\t\t\t<h2 class=\"elementor-heading-title elementor-size-default\">Oferta na rok 2026\/2027<\/h2>\t\t\t\t<\/div>\n\t\t\t\t<\/div>\n\t\t\t\t\t<\/div>\n\t\t<\/div>\n\t\t\t\t<div class=\"elementor-column elementor-col-33 elementor-top-column elementor-element elementor-element-900795a\" data-id=\"900795a\" data-element_type=\"column\">\n\t\t\t<div class=\"elementor-widget-wrap\">\n\t\t\t\t\t\t\t<\/div>\n\t\t<\/div>\n\t\t\t\t\t<\/div>\n\t\t<\/section>\n\t\t\t\t<section class=\"elementor-section elementor-top-section elementor-element elementor-element-e64387c elementor-reverse-mobile elementor-reverse-tablet elementor-section-boxed elementor-section-height-default elementor-section-height-default\" data-id=\"e64387c\" data-element_type=\"section\">\n\t\t\t\t\t\t<div class=\"elementor-container elementor-column-gap-default\">\n\t\t\t\t\t<div class=\"elementor-column elementor-col-100 elementor-top-column elementor-element elementor-element-50c73c3\" data-id=\"50c73c3\" data-element_type=\"column\">\n\t\t\t<div class=\"elementor-widget-wrap elementor-element-populated\">\n\t\t\t\t\t\t<section class=\"elementor-section elementor-inner-section elementor-element elementor-element-0e62fff elementor-section-boxed elementor-section-height-default elementor-section-height-default\" data-id=\"0e62fff\" data-element_type=\"section\">\n\t\t\t\t\t\t<div class=\"elementor-container elementor-column-gap-default\">\n\t\t\t\t\t<div class=\"elementor-column elementor-col-50 elementor-inner-column elementor-element elementor-element-3957841\" data-id=\"3957841\" data-element_type=\"column\">\n\t\t\t<div class=\"elementor-widget-wrap elementor-element-populated\">\n\t\t\t\t\t\t<div class=\"elementor-element elementor-element-81cbde2 elementor-widget elementor-widget-heading\" data-id=\"81cbde2\" data-element_type=\"widget\" data-widget_type=\"heading.default\">\n\t\t\t\t<div class=\"elementor-widget-container\">\n\t\t\t\t\t<h2 class=\"elementor-heading-title elementor-size-default\">Oddzia\u0142 Przygotowania Wojskowego (OPW)<\/h2>\t\t\t\t<\/div>\n\t\t\t\t<\/div>\n\t\t\t\t<div class=\"elementor-element elementor-element-48db0f3 elementor-widget elementor-widget-text-editor\" data-id=\"48db0f3\" data-element_type=\"widget\" data-widget_type=\"text-editor.default\">\n\t\t\t\t<div class=\"elementor-widget-container\">\n\t\t\t\t\t\t\t\t\t<p>Przygotuj si\u0119 do przygody \u017cycia! W naszej klasie OPW nie tylko odkryjesz pasj\u0119 do wojskowo\u015bci, ale r\u00f3wnie\u017c zdob\u0119dziesz umiej\u0119tno\u015bci, kt\u00f3re przydadz\u0105 si\u0119 w ka\u017cdej sytuacji. Zapewnimy wyj\u0105tkowe zaj\u0119cia w patronackiej jednostce oraz na strzelnicy. Poczuj ducha przygody! Na tym kierunku otrzymasz certyfikat z Ministerstwa Obrony Narodowej, kt\u00f3ry otworzy przed Tob\u0105 nowe mo\u017cliwo\u015bci. Rozszerzone przedmioty w klasie to j\u0119zyk polski i j\u0119zyk angielski.<\/p>\t\t\t\t\t\t\t\t<\/div>\n\t\t\t\t<\/div>\n\t\t\t\t\t<\/div>\n\t\t<\/div>\n\t\t\t\t<div class=\"elementor-column elementor-col-50 elementor-inner-column elementor-element elementor-element-70994cd\" data-id=\"70994cd\" data-element_type=\"column\">\n\t\t\t<div class=\"elementor-widget-wrap elementor-element-populated\">\n\t\t\t\t\t\t<div class=\"elementor-element elementor-element-677e982 elementor-widget elementor-widget-image\" data-id=\"677e982\" data-element_type=\"widget\" data-widget_type=\"image.default\">\n\t\t\t\t<div class=\"elementor-widget-container\">\n\t\t\t\t\t\t\t\t\t\t\t\t\t\t\t<img fetchpriority=\"high\" decoding=\"async\" width=\"1024\" height=\"678\" src=\"https:\/\/liceumnr1sochaczew.pl\/wp-content\/uploads\/2024\/02\/pexels-lukas-669287-scaled-e1709125806935-1024x678.jpg\" class=\"attachment-large size-large wp-image-3825\" alt=\"\" srcset=\"https:\/\/liceumnr1sochaczew.pl\/wp-content\/uploads\/2024\/02\/pexels-lukas-669287-scaled-e1709125806935-1024x678.jpg 1024w, https:\/\/liceumnr1sochaczew.pl\/wp-content\/uploads\/2024\/02\/pexels-lukas-669287-scaled-e1709125806935-300x199.jpg 300w, https:\/\/liceumnr1sochaczew.pl\/wp-content\/uploads\/2024\/02\/pexels-lukas-669287-scaled-e1709125806935-768x509.jpg 768w, https:\/\/liceumnr1sochaczew.pl\/wp-content\/uploads\/2024\/02\/pexels-lukas-669287-scaled-e1709125806935-1536x1018.jpg 1536w, https:\/\/liceumnr1sochaczew.pl\/wp-content\/uploads\/2024\/02\/pexels-lukas-669287-scaled-e1709125806935-2048x1357.jpg 2048w\" sizes=\"(max-width: 1024px) 100vw, 1024px\" \/>\t\t\t\t\t\t\t\t\t\t\t\t\t\t\t<\/div>\n\t\t\t\t<\/div>\n\t\t\t\t\t<\/div>\n\t\t<\/div>\n\t\t\t\t\t<\/div>\n\t\t<\/section>\n\t\t\t\t\t<\/div>\n\t\t<\/div>\n\t\t\t\t\t<\/div>\n\t\t<\/section>\n\t\t\t\t<section class=\"elementor-section elementor-top-section elementor-element elementor-element-0cb7b59 elementor-reverse-mobile elementor-reverse-tablet elementor-section-boxed elementor-section-height-default elementor-section-height-default\" data-id=\"0cb7b59\" data-element_type=\"section\">\n\t\t\t\t\t\t<div class=\"elementor-container elementor-column-gap-default\">\n\t\t\t\t\t<div class=\"elementor-column elementor-col-100 elementor-top-column elementor-element elementor-element-8db752c\" data-id=\"8db752c\" data-element_type=\"column\">\n\t\t\t<div class=\"elementor-widget-wrap elementor-element-populated\">\n\t\t\t\t\t\t<section class=\"elementor-section elementor-inner-section elementor-element elementor-element-b1a67ad elementor-section-boxed elementor-section-height-default elementor-section-height-default\" data-id=\"b1a67ad\" data-element_type=\"section\">\n\t\t\t\t\t\t<div class=\"elementor-container elementor-column-gap-default\">\n\t\t\t\t\t<div class=\"elementor-column elementor-col-50 elementor-inner-column elementor-element elementor-element-ea30847\" data-id=\"ea30847\" data-element_type=\"column\">\n\t\t\t<div class=\"elementor-widget-wrap elementor-element-populated\">\n\t\t\t\t\t\t<div class=\"elementor-element elementor-element-3c93090 elementor-widget elementor-widget-image\" data-id=\"3c93090\" data-element_type=\"widget\" data-widget_type=\"image.default\">\n\t\t\t\t<div class=\"elementor-widget-container\">\n\t\t\t\t\t\t\t\t\t\t\t\t\t\t\t<img decoding=\"async\" width=\"1024\" height=\"683\" data-src=\"https:\/\/liceumnr1sochaczew.pl\/wp-content\/uploads\/2026\/03\/ChatGPT-Image-11-mar-2026-13_45_52-1024x683.png\" class=\"attachment-large size-large wp-image-6375 lazyload\" alt=\"\" data-srcset=\"https:\/\/liceumnr1sochaczew.pl\/wp-content\/uploads\/2026\/03\/ChatGPT-Image-11-mar-2026-13_45_52-1024x683.png 1024w, https:\/\/liceumnr1sochaczew.pl\/wp-content\/uploads\/2026\/03\/ChatGPT-Image-11-mar-2026-13_45_52-300x200.png 300w, https:\/\/liceumnr1sochaczew.pl\/wp-content\/uploads\/2026\/03\/ChatGPT-Image-11-mar-2026-13_45_52-768x512.png 768w, https:\/\/liceumnr1sochaczew.pl\/wp-content\/uploads\/2026\/03\/ChatGPT-Image-11-mar-2026-13_45_52.png 1536w\" data-sizes=\"(max-width: 1024px) 100vw, 1024px\" src=\"data:image\/svg+xml;base64,PHN2ZyB3aWR0aD0iMSIgaGVpZ2h0PSIxIiB4bWxucz0iaHR0cDovL3d3dy53My5vcmcvMjAwMC9zdmciPjwvc3ZnPg==\" style=\"--smush-placeholder-width: 1024px; --smush-placeholder-aspect-ratio: 1024\/683;\" \/>\t\t\t\t\t\t\t\t\t\t\t\t\t\t\t<\/div>\n\t\t\t\t<\/div>\n\t\t\t\t\t<\/div>\n\t\t<\/div>\n\t\t\t\t<div class=\"elementor-column elementor-col-50 elementor-inner-column elementor-element elementor-element-7e8b3dd\" data-id=\"7e8b3dd\" data-element_type=\"column\">\n\t\t\t<div class=\"elementor-widget-wrap elementor-element-populated\">\n\t\t\t\t\t\t<div class=\"elementor-element elementor-element-db86ceb elementor-widget elementor-widget-heading\" data-id=\"db86ceb\" data-element_type=\"widget\" data-widget_type=\"heading.default\">\n\t\t\t\t<div class=\"elementor-widget-container\">\n\t\t\t\t\t<h2 class=\"elementor-heading-title elementor-size-default\">Klasa Og\u00f3lna<\/h2>\t\t\t\t<\/div>\n\t\t\t\t<\/div>\n\t\t\t\t<div class=\"elementor-element elementor-element-10b3428 elementor-widget elementor-widget-text-editor\" data-id=\"10b3428\" data-element_type=\"widget\" data-widget_type=\"text-editor.default\">\n\t\t\t\t<div class=\"elementor-widget-container\">\n\t\t\t\t\t\t\t\t\t<p>Przyjd\u017a i odkryj, co w Tobie drzemie! W naszej klasie og\u00f3lnej nie musisz jeszcze wiedzie\u0107, jak\u0105 \u015bcie\u017ck\u0119 wybierzesz \u2013 to idealne miejsce, by rozwija\u0107 swoje pasje i odkrywa\u0107 nowe zainteresowania. Rozszerzenia z j\u0119zyka polskiego i j\u0119zyka angielskiego pomog\u0105 Ci zdoby\u0107 solidne przygotowanie do przysz\u0142o\u015bci, a ciekawe projekty, warsztaty i kreatywne zaj\u0119cia sprawi\u0105, \u017ce ka\u017cdy dzie\u0144 w szkole b\u0119dzie prawdziw\u0105 przygod\u0105!<\/p>\t\t\t\t\t\t\t\t<\/div>\n\t\t\t\t<\/div>\n\t\t\t\t\t<\/div>\n\t\t<\/div>\n\t\t\t\t\t<\/div>\n\t\t<\/section>\n\t\t\t\t\t<\/div>\n\t\t<\/div>\n\t\t\t\t\t<\/div>\n\t\t<\/section>\n\t\t\t\t<section class=\"elementor-section elementor-top-section elementor-element elementor-element-3bdd0f0 elementor-reverse-mobile elementor-reverse-tablet elementor-section-boxed elementor-section-height-default elementor-section-height-default\" data-id=\"3bdd0f0\" data-element_type=\"section\">\n\t\t\t\t\t\t<div class=\"elementor-container elementor-column-gap-default\">\n\t\t\t\t\t<div class=\"elementor-column elementor-col-100 elementor-top-column elementor-element elementor-element-0935622\" data-id=\"0935622\" data-element_type=\"column\">\n\t\t\t<div class=\"elementor-widget-wrap elementor-element-populated\">\n\t\t\t\t\t\t<section class=\"elementor-section elementor-inner-section elementor-element elementor-element-5da6f63 elementor-section-boxed elementor-section-height-default elementor-section-height-default\" data-id=\"5da6f63\" data-element_type=\"section\">\n\t\t\t\t\t\t<div class=\"elementor-container elementor-column-gap-default\">\n\t\t\t\t\t<div class=\"elementor-column elementor-col-50 elementor-inner-column elementor-element elementor-element-d548f6a\" data-id=\"d548f6a\" data-element_type=\"column\">\n\t\t\t<div class=\"elementor-widget-wrap elementor-element-populated\">\n\t\t\t\t\t\t<div class=\"elementor-element elementor-element-9f61b6a elementor-widget elementor-widget-image\" data-id=\"9f61b6a\" data-element_type=\"widget\" data-widget_type=\"image.default\">\n\t\t\t\t<div class=\"elementor-widget-container\">\n\t\t\t\t\t\t\t\t\t\t\t\t\t\t\t<img decoding=\"async\" width=\"1024\" height=\"576\" data-src=\"https:\/\/liceumnr1sochaczew.pl\/wp-content\/uploads\/2024\/02\/flat-lay-health-still-life-arrangement-with-copy-space-scaled-e1709127430992-1024x576.jpg\" class=\"attachment-large size-large wp-image-3829 lazyload\" alt=\"\" data-srcset=\"https:\/\/liceumnr1sochaczew.pl\/wp-content\/uploads\/2024\/02\/flat-lay-health-still-life-arrangement-with-copy-space-scaled-e1709127430992-1024x576.jpg 1024w, https:\/\/liceumnr1sochaczew.pl\/wp-content\/uploads\/2024\/02\/flat-lay-health-still-life-arrangement-with-copy-space-scaled-e1709127430992-300x169.jpg 300w, https:\/\/liceumnr1sochaczew.pl\/wp-content\/uploads\/2024\/02\/flat-lay-health-still-life-arrangement-with-copy-space-scaled-e1709127430992-768x432.jpg 768w, https:\/\/liceumnr1sochaczew.pl\/wp-content\/uploads\/2024\/02\/flat-lay-health-still-life-arrangement-with-copy-space-scaled-e1709127430992-1536x864.jpg 1536w, https:\/\/liceumnr1sochaczew.pl\/wp-content\/uploads\/2024\/02\/flat-lay-health-still-life-arrangement-with-copy-space-scaled-e1709127430992-2048x1152.jpg 2048w\" data-sizes=\"(max-width: 1024px) 100vw, 1024px\" src=\"data:image\/svg+xml;base64,PHN2ZyB3aWR0aD0iMSIgaGVpZ2h0PSIxIiB4bWxucz0iaHR0cDovL3d3dy53My5vcmcvMjAwMC9zdmciPjwvc3ZnPg==\" style=\"--smush-placeholder-width: 1024px; --smush-placeholder-aspect-ratio: 1024\/576;\" \/>\t\t\t\t\t\t\t\t\t\t\t\t\t\t\t<\/div>\n\t\t\t\t<\/div>\n\t\t\t\t\t<\/div>\n\t\t<\/div>\n\t\t\t\t<div class=\"elementor-column elementor-col-50 elementor-inner-column elementor-element elementor-element-1fd30ba\" data-id=\"1fd30ba\" data-element_type=\"column\">\n\t\t\t<div class=\"elementor-widget-wrap elementor-element-populated\">\n\t\t\t\t\t\t<div class=\"elementor-element elementor-element-b177b10 elementor-widget elementor-widget-heading\" data-id=\"b177b10\" data-element_type=\"widget\" data-widget_type=\"heading.default\">\n\t\t\t\t<div class=\"elementor-widget-container\">\n\t\t\t\t\t<h2 class=\"elementor-heading-title elementor-size-default\">Klasa Ratownictwa Medycznego<\/h2>\t\t\t\t<\/div>\n\t\t\t\t<\/div>\n\t\t\t\t<div class=\"elementor-element elementor-element-1853d34 elementor-widget elementor-widget-text-editor\" data-id=\"1853d34\" data-element_type=\"widget\" data-widget_type=\"text-editor.default\">\n\t\t\t\t<div class=\"elementor-widget-container\">\n\t\t\t\t\t\t\t\t\t<p>B\u0105d\u017a gotowy na akcj\u0119! W naszej klasie ratownictwa medycznego nie tylko nauczysz si\u0119, jak ratowa\u0107 ludzi, ale tak\u017ce poznasz tajniki pracy w s\u0142u\u017cbie zdrowia. Praktyki w plac\u00f3wkach medycznych i intensywne kursy pierwszej pomocy zapewni\u0105 Ci niezapomniane do\u015bwiadczenia i przygotuj\u0105 do ka\u017cdej sytuacji! Rozszerzone przedmioty w klasie to biologia i j\u0119zyk angielski.<\/p>\t\t\t\t\t\t\t\t<\/div>\n\t\t\t\t<\/div>\n\t\t\t\t\t<\/div>\n\t\t<\/div>\n\t\t\t\t\t<\/div>\n\t\t<\/section>\n\t\t\t\t\t<\/div>\n\t\t<\/div>\n\t\t\t\t\t<\/div>\n\t\t<\/section>\n\t\t\t\t<\/div>\n\t\t","protected":false},"excerpt":{"rendered":"<p>Oferta na rok 2026\/2027 Oddzia\u0142 Przygotowania Wojskowego (OPW) Przygotuj si\u0119 do przygody \u017cycia! W naszej klasie OPW nie tylko odkryjesz pasj\u0119 do wojskowo\u015bci, ale r\u00f3wnie\u017c zdob\u0119dziesz umiej\u0119tno\u015bci, kt\u00f3re przydadz\u0105 si\u0119 w ka\u017cdej sytuacji. Zapewnimy wyj\u0105tkowe zaj\u0119cia w patronackiej jednostce oraz na strzelnicy. Poczuj ducha przygody! Na tym kierunku otrzymasz certyfikat z Ministerstwa Obrony Narodowej, kt\u00f3ry [&hellip;]<\/p>\n","protected":false},"author":1,"featured_media":0,"parent":0,"menu_order":0,"comment_status":"closed","ping_status":"closed","template":"page-templates\/pagebuilder.php","meta":{"zakra_sidebar_layout":"stretched","zakra_remove_content_margin":false,"zakra_sidebar":"customizer","zakra_transparent_header":"1","zakra_logo":0,"zakra_main_header_style":"default","zakra_menu_item_color":"","zakra_menu_item_hover_color":"","zakra_menu_item_active_color":"","zakra_menu_active_style":"","zakra_page_header":false,"pgc_sgb_lightbox_settings":"","footnotes":""},"class_list":["post-3984","page","type-page","status-publish","hentry"],"_links":{"self":[{"href":"https:\/\/liceumnr1sochaczew.pl\/index.php\/wp-json\/wp\/v2\/pages\/3984","targetHints":{"allow":["GET"]}}],"collection":[{"href":"https:\/\/liceumnr1sochaczew.pl\/index.php\/wp-json\/wp\/v2\/pages"}],"about":[{"href":"https:\/\/liceumnr1sochaczew.pl\/index.php\/wp-json\/wp\/v2\/types\/page"}],"author":[{"embeddable":true,"href":"https:\/\/liceumnr1sochaczew.pl\/index.php\/wp-json\/wp\/v2\/users\/1"}],"replies":[{"embeddable":true,"href":"https:\/\/liceumnr1sochaczew.pl\/index.php\/wp-json\/wp\/v2\/comments?post=3984"}],"version-history":[{"count":9,"href":"https:\/\/liceumnr1sochaczew.pl\/index.php\/wp-json\/wp\/v2\/pages\/3984\/revisions"}],"predecessor-version":[{"id":6379,"href":"https:\/\/liceumnr1sochaczew.pl\/index.php\/wp-json\/wp\/v2\/pages\/3984\/revisions\/6379"}],"wp:attachment":[{"href":"https:\/\/liceumnr1sochaczew.pl\/index.php\/wp-json\/wp\/v2\/media?parent=3984"}],"curies":[{"name":"wp","href":"https:\/\/api.w.org\/{rel}","templated":true}]}}